{"id":159,"date":"2021-03-16T10:04:20","date_gmt":"2021-03-16T09:04:20","guid":{"rendered":"http:\/\/localhost\/swane\/?page_id=159"},"modified":"2021-11-20T22:33:08","modified_gmt":"2021-11-20T21:33:08","slug":"accueil","status":"publish","type":"page","link":"https:\/\/www.jemma-design.fr\/swane\/","title":{"rendered":"Accueil"},"content":{"rendered":"\t\t<div data-elementor-type=\"wp-page\" data-elementor-id=\"159\" class=\"elementor elementor-159\">\n\t\t\t\t\t\t\t\t\t<section class=\"elementor-section elementor-top-section elementor-element elementor-element-206ba23 elementor-section-full_width elementor-section-height-default elementor-section-height-default\" data-id=\"206ba23\" data-element_type=\"section\">\n\t\t\t\t\t\t<div class=\"elementor-container elementor-column-gap-no\">\n\t\t\t\t\t<div class=\"elementor-column elementor-col-100 elementor-top-column elementor-element elementor-element-1af08a6\" data-id=\"1af08a6\" data-element_type=\"column\">\n\t\t\t<div class=\"elementor-widget-wrap elementor-element-populated\">\n\t\t\t\t\t\t\t\t<div class=\"elementor-element elementor-element-f569919 elementor-widget elementor-widget-image\" data-id=\"f569919\" data-element_type=\"widget\" data-widget_type=\"image.default\">\n\t\t\t\t<div class=\"elementor-widget-container\">\n\t\t\t\t\t\t\t\t\t\t\t\t\t\t\t<img decoding=\"async\" src=\"https:\/\/www.jemma-design.fr\/swane\/wp-content\/uploads\/elementor\/thumbs\/AdobeStock_341167197-scaled-p64p3ge8sr4h3z36t2qdc0bk3sl2cpltj4du320wp4.jpeg\" title=\"Stack of hands\" alt=\"Diverse team joining their hands\" loading=\"lazy\" \/>\t\t\t\t\t\t\t\t\t\t\t\t\t\t\t<\/div>\n\t\t\t\t<\/div>\n\t\t\t\t\t<\/div>\n\t\t<\/div>\n\t\t\t\t\t\t\t<\/div>\n\t\t<\/section>\n\t\t\t\t<section class=\"elementor-section elementor-top-section elementor-element elementor-element-1819033 elementor-section-boxed elementor-section-height-default elementor-section-height-default\" data-id=\"1819033\" data-element_type=\"section\">\n\t\t\t\t\t\t<div class=\"elementor-container elementor-column-gap-default\">\n\t\t\t\t\t<div class=\"elementor-column elementor-col-100 elementor-top-column elementor-element elementor-element-c85ef90 animated-slow elementor-invisible\" data-id=\"c85ef90\" data-element_type=\"column\" data-settings=\"{&quot;background_background&quot;:&quot;classic&quot;,&quot;animation&quot;:&quot;fadeIn&quot;}\">\n\t\t\t<div class=\"elementor-widget-wrap elementor-element-populated\">\n\t\t\t\t\t<div class=\"elementor-background-overlay\"><\/div>\n\t\t\t\t\t\t\t\t<div class=\"elementor-element elementor-element-475dfc4 elementor-widget elementor-widget-heading\" data-id=\"475dfc4\" data-element_type=\"widget\" data-widget_type=\"heading.default\">\n\t\t\t\t<div class=\"elementor-widget-container\">\n\t\t\t<h2 class=\"elementor-heading-title elementor-size-default\">Qui sommes nous ?<\/h2>\t\t<\/div>\n\t\t\t\t<\/div>\n\t\t\t\t<div class=\"elementor-element elementor-element-16b73f3 elementor-widget-divider--view-line_icon elementor-view-default elementor-widget-divider--element-align-center elementor-widget elementor-widget-divider\" data-id=\"16b73f3\" data-element_type=\"widget\" data-widget_type=\"divider.default\">\n\t\t\t\t<div class=\"elementor-widget-container\">\n\t\t\t\t\t<div class=\"elementor-divider\">\n\t\t\t<span class=\"elementor-divider-separator\">\n\t\t\t\t\t\t\t<div class=\"elementor-icon elementor-divider__element\">\n\t\t\t\t\t<svg xmlns=\"http:\/\/www.w3.org\/2000\/svg\" xmlns:xlink=\"http:\/\/www.w3.org\/1999\/xlink\" id=\"Calque_1\" x=\"0px\" y=\"0px\" viewBox=\"0 0 340.2 340.2\" style=\"enable-background:new 0 0 340.2 340.2;\" xml:space=\"preserve\">\n<style type=\"text\/css\">\n\t.st0{fill:#0B354E;}\n\t.st1{fill:#ED7059;}\n<\/style>\n<g id=\"ic&#xF4;ne\">\n\t<polygon class=\"st0\" points=\"266.5,120.5 170.1,217 73.6,120.5 14,180.2 170.1,336.2 326.1,180.2  \"><\/polygon>\n\t<polygon class=\"st1\" points=\"142.2,129 154.5,129 154.5,181.3 163.9,190.7 163.9,92 176.2,92 176.2,190.7 185.6,181.3 185.6,127.5    197.9,127.5 197.9,169 266.5,100.4 170.1,3.9 73.6,100.4 142.2,169  \"><\/polygon>\n<\/g>\n<\/svg><\/div>\n\t\t\t\t\t\t<\/span>\n\t\t<\/div>\n\t\t\t\t<\/div>\n\t\t\t\t<\/div>\n\t\t\t\t<div class=\"elementor-element elementor-element-e3394f4 elementor-widget elementor-widget-read-more\" data-id=\"e3394f4\" data-element_type=\"widget\" data-widget_type=\"read-more.default\">\n\t\t\t\t<div class=\"elementor-widget-container\">\n\t\t\t<\/div><\/div><\/div><\/div><\/div><\/section><\/div> <a href=\"https:\/\/www.jemma-design.fr\/swane\/#more-159\" class=\"more-link elementor-more-link\"><span aria-label=\"Poursuivre la lecture Accueil\">https:\/\/www.jemma-design.fr\/swane\/wp-admin\/post.php?post=159&amp;action=elementor<\/span><\/a>","protected":false},"excerpt":{"rendered":"<p>Qui sommes nous ?<\/p>\n","protected":false},"author":1,"featured_media":238,"parent":0,"menu_order":0,"comment_status":"closed","ping_status":"closed","template":"elementor_header_footer","meta":{"inline_featured_image":false},"yoast_head":"<!-- This site is optimized with the Yoast SEO plugin v20.9 - https:\/\/yoast.com\/wordpress\/plugins\/seo\/ -->\n<title>Accueil - Hoftudies<\/title>\n<meta name=\"description\" content=\"Hofstudies vous permet de r\u00e9soudre les d\u00e9fis de la culture interculturelle et organisationnelle en utilisant nos comp\u00e9tences et notre savoir.\" \/>\n<meta name=\"robots\" content=\"index, follow, max-snippet:-1, max-image-preview:large, max-video-preview:-1\" \/>\n<link rel=\"canonical\" href=\"https:\/\/www.jemma-design.fr\/swane\/\" \/>\n<meta property=\"og:locale\" content=\"fr_FR\" \/>\n<meta property=\"og:type\" content=\"article\" \/>\n<meta property=\"og:title\" content=\"Accueil - Hoftudies\" \/>\n<meta property=\"og:description\" content=\"Hofstudies vous permet de r\u00e9soudre les d\u00e9fis de la culture interculturelle et organisationnelle en utilisant nos comp\u00e9tences et notre savoir.\" \/>\n<meta property=\"og:url\" content=\"https:\/\/www.jemma-design.fr\/swane\/\" \/>\n<meta property=\"og:site_name\" content=\"Hoftudies\" \/>\n<meta property=\"article:publisher\" content=\"https:\/\/fr-fr.facebook.com\/\" \/>\n<meta property=\"article:modified_time\" content=\"2021-11-20T21:33:08+00:00\" \/>\n<meta property=\"og:image\" content=\"https:\/\/www.jemma-design.fr\/swane\/wp-content\/uploads\/2021\/03\/AdobeStock_341167197-scaled.jpeg\" \/>\n\t<meta property=\"og:image:width\" content=\"2048\" \/>\n\t<meta property=\"og:image:height\" content=\"1152\" \/>\n\t<meta property=\"og:image:type\" content=\"image\/jpeg\" \/>\n<meta name=\"twitter:card\" content=\"summary_large_image\" \/>\n<meta name=\"twitter:label1\" content=\"Dur\u00e9e de lecture estim\u00e9e\" \/>\n\t<meta name=\"twitter:data1\" content=\"4 minutes\" \/>\n<script type=\"application\/ld+json\" class=\"yoast-schema-graph\">{\"@context\":\"https:\/\/schema.org\",\"@graph\":[{\"@type\":\"WebPage\",\"@id\":\"https:\/\/www.jemma-design.fr\/swane\/\",\"url\":\"https:\/\/www.jemma-design.fr\/swane\/\",\"name\":\"Accueil - Hoftudies\",\"isPartOf\":{\"@id\":\"https:\/\/www.jemma-design.fr\/swane\/#website\"},\"datePublished\":\"2021-03-16T09:04:20+00:00\",\"dateModified\":\"2021-11-20T21:33:08+00:00\",\"description\":\"Hofstudies vous permet de r\u00e9soudre les d\u00e9fis de la culture interculturelle et organisationnelle en utilisant nos comp\u00e9tences et notre savoir.\",\"breadcrumb\":{\"@id\":\"https:\/\/www.jemma-design.fr\/swane\/#breadcrumb\"},\"inLanguage\":\"fr-FR\",\"potentialAction\":[{\"@type\":\"ReadAction\",\"target\":[\"https:\/\/www.jemma-design.fr\/swane\/\"]}]},{\"@type\":\"BreadcrumbList\",\"@id\":\"https:\/\/www.jemma-design.fr\/swane\/#breadcrumb\",\"itemListElement\":[{\"@type\":\"ListItem\",\"position\":1,\"name\":\"Accueil\",\"item\":\"https:\/\/www.jemma-design.fr\/swane\/\"},{\"@type\":\"ListItem\",\"position\":2,\"name\":\"Accueil\"}]},{\"@type\":\"WebSite\",\"@id\":\"https:\/\/www.jemma-design.fr\/swane\/#website\",\"url\":\"https:\/\/www.jemma-design.fr\/swane\/\",\"name\":\"Hoftudies\",\"description\":\"\",\"publisher\":{\"@id\":\"https:\/\/www.jemma-design.fr\/swane\/#organization\"},\"potentialAction\":[{\"@type\":\"SearchAction\",\"target\":{\"@type\":\"EntryPoint\",\"urlTemplate\":\"https:\/\/www.jemma-design.fr\/swane\/?s={search_term_string}\"},\"query-input\":\"required name=search_term_string\"}],\"inLanguage\":\"fr-FR\"},{\"@type\":\"Organization\",\"@id\":\"https:\/\/www.jemma-design.fr\/swane\/#organization\",\"name\":\"Hofstudies\",\"url\":\"https:\/\/www.jemma-design.fr\/swane\/\",\"logo\":{\"@type\":\"ImageObject\",\"inLanguage\":\"fr-FR\",\"@id\":\"https:\/\/www.jemma-design.fr\/swane\/#\/schema\/logo\/image\/\",\"url\":\"https:\/\/www.jemma-design.fr\/swane\/wp-content\/uploads\/2021\/03\/logo.jpg\",\"contentUrl\":\"https:\/\/www.jemma-design.fr\/swane\/wp-content\/uploads\/2021\/03\/logo.jpg\",\"width\":340,\"height\":247,\"caption\":\"Hofstudies\"},\"image\":{\"@id\":\"https:\/\/www.jemma-design.fr\/swane\/#\/schema\/logo\/image\/\"},\"sameAs\":[\"https:\/\/fr-fr.facebook.com\/\"]}]}<\/script>\n<!-- \/ Yoast SEO plugin. -->","yoast_head_json":{"title":"Accueil - Hoftudies","description":"Hofstudies vous permet de r\u00e9soudre les d\u00e9fis de la culture interculturelle et organisationnelle en utilisant nos comp\u00e9tences et notre savoir.","robots":{"index":"index","follow":"follow","max-snippet":"max-snippet:-1","max-image-preview":"max-image-preview:large","max-video-preview":"max-video-preview:-1"},"canonical":"https:\/\/www.jemma-design.fr\/swane\/","og_locale":"fr_FR","og_type":"article","og_title":"Accueil - Hoftudies","og_description":"Hofstudies vous permet de r\u00e9soudre les d\u00e9fis de la culture interculturelle et organisationnelle en utilisant nos comp\u00e9tences et notre savoir.","og_url":"https:\/\/www.jemma-design.fr\/swane\/","og_site_name":"Hoftudies","article_publisher":"https:\/\/fr-fr.facebook.com\/","article_modified_time":"2021-11-20T21:33:08+00:00","og_image":[{"width":2048,"height":1152,"url":"https:\/\/www.jemma-design.fr\/swane\/wp-content\/uploads\/2021\/03\/AdobeStock_341167197-scaled.jpeg","type":"image\/jpeg"}],"twitter_card":"summary_large_image","twitter_misc":{"Dur\u00e9e de lecture estim\u00e9e":"4 minutes"},"schema":{"@context":"https:\/\/schema.org","@graph":[{"@type":"WebPage","@id":"https:\/\/www.jemma-design.fr\/swane\/","url":"https:\/\/www.jemma-design.fr\/swane\/","name":"Accueil - Hoftudies","isPartOf":{"@id":"https:\/\/www.jemma-design.fr\/swane\/#website"},"datePublished":"2021-03-16T09:04:20+00:00","dateModified":"2021-11-20T21:33:08+00:00","description":"Hofstudies vous permet de r\u00e9soudre les d\u00e9fis de la culture interculturelle et organisationnelle en utilisant nos comp\u00e9tences et notre savoir.","breadcrumb":{"@id":"https:\/\/www.jemma-design.fr\/swane\/#breadcrumb"},"inLanguage":"fr-FR","potentialAction":[{"@type":"ReadAction","target":["https:\/\/www.jemma-design.fr\/swane\/"]}]},{"@type":"BreadcrumbList","@id":"https:\/\/www.jemma-design.fr\/swane\/#breadcrumb","itemListElement":[{"@type":"ListItem","position":1,"name":"Accueil","item":"https:\/\/www.jemma-design.fr\/swane\/"},{"@type":"ListItem","position":2,"name":"Accueil"}]},{"@type":"WebSite","@id":"https:\/\/www.jemma-design.fr\/swane\/#website","url":"https:\/\/www.jemma-design.fr\/swane\/","name":"Hoftudies","description":"","publisher":{"@id":"https:\/\/www.jemma-design.fr\/swane\/#organization"},"potentialAction":[{"@type":"SearchAction","target":{"@type":"EntryPoint","urlTemplate":"https:\/\/www.jemma-design.fr\/swane\/?s={search_term_string}"},"query-input":"required name=search_term_string"}],"inLanguage":"fr-FR"},{"@type":"Organization","@id":"https:\/\/www.jemma-design.fr\/swane\/#organization","name":"Hofstudies","url":"https:\/\/www.jemma-design.fr\/swane\/","logo":{"@type":"ImageObject","inLanguage":"fr-FR","@id":"https:\/\/www.jemma-design.fr\/swane\/#\/schema\/logo\/image\/","url":"https:\/\/www.jemma-design.fr\/swane\/wp-content\/uploads\/2021\/03\/logo.jpg","contentUrl":"https:\/\/www.jemma-design.fr\/swane\/wp-content\/uploads\/2021\/03\/logo.jpg","width":340,"height":247,"caption":"Hofstudies"},"image":{"@id":"https:\/\/www.jemma-design.fr\/swane\/#\/schema\/logo\/image\/"},"sameAs":["https:\/\/fr-fr.facebook.com\/"]}]}},"_links":{"self":[{"href":"https:\/\/www.jemma-design.fr\/swane\/wp-json\/wp\/v2\/pages\/159"}],"collection":[{"href":"https:\/\/www.jemma-design.fr\/swane\/wp-json\/wp\/v2\/pages"}],"about":[{"href":"https:\/\/www.jemma-design.fr\/swane\/wp-json\/wp\/v2\/types\/page"}],"author":[{"embeddable":true,"href":"https:\/\/www.jemma-design.fr\/swane\/wp-json\/wp\/v2\/users\/1"}],"replies":[{"embeddable":true,"href":"https:\/\/www.jemma-design.fr\/swane\/wp-json\/wp\/v2\/comments?post=159"}],"version-history":[{"count":186,"href":"https:\/\/www.jemma-design.fr\/swane\/wp-json\/wp\/v2\/pages\/159\/revisions"}],"predecessor-version":[{"id":1178,"href":"https:\/\/www.jemma-design.fr\/swane\/wp-json\/wp\/v2\/pages\/159\/revisions\/1178"}],"wp:featuredmedia":[{"embeddable":true,"href":"https:\/\/www.jemma-design.fr\/swane\/wp-json\/wp\/v2\/media\/238"}],"wp:attachment":[{"href":"https:\/\/www.jemma-design.fr\/swane\/wp-json\/wp\/v2\/media?parent=159"}],"curies":[{"name":"wp","href":"https:\/\/api.w.org\/{rel}","templated":true}]}}