{"id":291,"date":"2021-04-26T09:58:03","date_gmt":"2021-04-26T07:58:03","guid":{"rendered":"https:\/\/www.jemma-design.fr\/flush\/?post_type=product&#038;p=291"},"modified":"2021-04-26T09:58:03","modified_gmt":"2021-04-26T07:58:03","slug":"nutritive","status":"publish","type":"product","link":"https:\/\/www.jemma-design.fr\/flush\/produit\/nutritive\/","title":{"rendered":"Nutritive"},"content":{"rendered":"<p><strong>Flacon 250ml<\/strong><\/p>\n<p>Shampooing nutrition d&#8217;exception pour cheveux normaux \u00e0 l\u00e9g\u00e8rement secs.<\/p>\n<p>Le Nutritive Flush est un shampooing nutritif d&#8217;exception. Con\u00e7u pour r\u00e9pondre aux attentes des cheveux normaux \u00e0 l\u00e9g\u00e8rement secs, il apporte la nutrition n\u00e9cessaire pour une mati\u00e8re soyeuse et brillante. Son action nutritive agit de la racine aux pointes et facilite le d\u00e9m\u00ealage au quotidien.<\/p>\n<div class=\"prdct__details-benefits\">\n<h3 class=\"prdct__details-title\"><strong>B\u00e9n\u00e9fice produit<\/strong><\/h3>\n<p>Nourrit les cheveux de la racine \u00e0 la pointe, facilite le d\u00e9m\u00ealage,mati\u00e8re souple et soyeuse, brillance.<\/p>\n<\/div>\n","protected":false},"excerpt":{"rendered":"<p>Shampooing nutrition d&#8217;exception pour cheveux normaux \u00e0 l\u00e9g\u00e8rement secs.<\/p>\n","protected":false},"featured_media":293,"comment_status":"open","ping_status":"closed","template":"","meta":{"inline_featured_image":false},"product_cat":[22],"product_tag":[],"yoast_head":"<!-- This site is optimized with the Yoast SEO plugin v20.4 - https:\/\/yoast.com\/wordpress\/plugins\/seo\/ -->\n<title>Nutritive - Flush<\/title>\n<meta name=\"robots\" content=\"index, follow, max-snippet:-1, max-image-preview:large, max-video-preview:-1\" \/>\n<link rel=\"canonical\" href=\"https:\/\/www.jemma-design.fr\/flush\/produit\/nutritive\/\" \/>\n<meta property=\"og:locale\" content=\"fr_FR\" \/>\n<meta property=\"og:type\" content=\"article\" \/>\n<meta property=\"og:title\" content=\"Nutritive - Flush\" \/>\n<meta property=\"og:description\" content=\"Shampooing nutrition d&#039;exception pour cheveux normaux \u00e0 l\u00e9g\u00e8rement secs.\" \/>\n<meta property=\"og:url\" content=\"https:\/\/www.jemma-design.fr\/flush\/produit\/nutritive\/\" \/>\n<meta property=\"og:site_name\" content=\"Flush\" \/>\n<meta property=\"og:image\" content=\"https:\/\/www.jemma-design.fr\/flush\/wp-content\/uploads\/2021\/04\/shampoing.jpg\" \/>\n\t<meta property=\"og:image:width\" content=\"523\" \/>\n\t<meta property=\"og:image:height\" content=\"500\" \/>\n\t<meta property=\"og:image:type\" content=\"image\/jpeg\" \/>\n<meta name=\"twitter:card\" content=\"summary_large_image\" \/>\n<script type=\"application\/ld+json\" class=\"yoast-schema-graph\">{\"@context\":\"https:\/\/schema.org\",\"@graph\":[{\"@type\":\"WebPage\",\"@id\":\"https:\/\/www.jemma-design.fr\/flush\/produit\/nutritive\/\",\"url\":\"https:\/\/www.jemma-design.fr\/flush\/produit\/nutritive\/\",\"name\":\"Nutritive - Flush\",\"isPartOf\":{\"@id\":\"https:\/\/www.jemma-design.fr\/flush\/#website\"},\"datePublished\":\"2021-04-26T07:58:03+00:00\",\"dateModified\":\"2021-04-26T07:58:03+00:00\",\"breadcrumb\":{\"@id\":\"https:\/\/www.jemma-design.fr\/flush\/produit\/nutritive\/#breadcrumb\"},\"inLanguage\":\"fr-FR\",\"potentialAction\":[{\"@type\":\"ReadAction\",\"target\":[\"https:\/\/www.jemma-design.fr\/flush\/produit\/nutritive\/\"]}]},{\"@type\":\"BreadcrumbList\",\"@id\":\"https:\/\/www.jemma-design.fr\/flush\/produit\/nutritive\/#breadcrumb\",\"itemListElement\":[{\"@type\":\"ListItem\",\"position\":1,\"name\":\"Accueil\",\"item\":\"https:\/\/www.jemma-design.fr\/flush\/\"},{\"@type\":\"ListItem\",\"position\":2,\"name\":\"Boutique\",\"item\":\"https:\/\/www.jemma-design.fr\/flush\/boutique\/\"},{\"@type\":\"ListItem\",\"position\":3,\"name\":\"Nutritive\"}]},{\"@type\":\"WebSite\",\"@id\":\"https:\/\/www.jemma-design.fr\/flush\/#website\",\"url\":\"https:\/\/www.jemma-design.fr\/flush\/\",\"name\":\"Flush\",\"description\":\"Un site utilisant WordPress\",\"publisher\":{\"@id\":\"https:\/\/www.jemma-design.fr\/flush\/#organization\"},\"potentialAction\":[{\"@type\":\"SearchAction\",\"target\":{\"@type\":\"EntryPoint\",\"urlTemplate\":\"https:\/\/www.jemma-design.fr\/flush\/?s={search_term_string}\"},\"query-input\":\"required name=search_term_string\"}],\"inLanguage\":\"fr-FR\"},{\"@type\":\"Organization\",\"@id\":\"https:\/\/www.jemma-design.fr\/flush\/#organization\",\"name\":\"Flush\",\"url\":\"https:\/\/www.jemma-design.fr\/flush\/\",\"logo\":{\"@type\":\"ImageObject\",\"inLanguage\":\"fr-FR\",\"@id\":\"https:\/\/www.jemma-design.fr\/flush\/#\/schema\/logo\/image\/\",\"url\":\"https:\/\/www.jemma-design.fr\/flush\/wp-content\/uploads\/2021\/04\/flush-courrone.svg\",\"contentUrl\":\"https:\/\/www.jemma-design.fr\/flush\/wp-content\/uploads\/2021\/04\/flush-courrone.svg\",\"caption\":\"Flush\"},\"image\":{\"@id\":\"https:\/\/www.jemma-design.fr\/flush\/#\/schema\/logo\/image\/\"}}]}<\/script>\n<!-- \/ Yoast SEO plugin. -->","yoast_head_json":{"title":"Nutritive - Flush","robots":{"index":"index","follow":"follow","max-snippet":"max-snippet:-1","max-image-preview":"max-image-preview:large","max-video-preview":"max-video-preview:-1"},"canonical":"https:\/\/www.jemma-design.fr\/flush\/produit\/nutritive\/","og_locale":"fr_FR","og_type":"article","og_title":"Nutritive - Flush","og_description":"Shampooing nutrition d'exception pour cheveux normaux \u00e0 l\u00e9g\u00e8rement secs.","og_url":"https:\/\/www.jemma-design.fr\/flush\/produit\/nutritive\/","og_site_name":"Flush","og_image":[{"width":523,"height":500,"url":"https:\/\/www.jemma-design.fr\/flush\/wp-content\/uploads\/2021\/04\/shampoing.jpg","type":"image\/jpeg"}],"twitter_card":"summary_large_image","schema":{"@context":"https:\/\/schema.org","@graph":[{"@type":"WebPage","@id":"https:\/\/www.jemma-design.fr\/flush\/produit\/nutritive\/","url":"https:\/\/www.jemma-design.fr\/flush\/produit\/nutritive\/","name":"Nutritive - Flush","isPartOf":{"@id":"https:\/\/www.jemma-design.fr\/flush\/#website"},"datePublished":"2021-04-26T07:58:03+00:00","dateModified":"2021-04-26T07:58:03+00:00","breadcrumb":{"@id":"https:\/\/www.jemma-design.fr\/flush\/produit\/nutritive\/#breadcrumb"},"inLanguage":"fr-FR","potentialAction":[{"@type":"ReadAction","target":["https:\/\/www.jemma-design.fr\/flush\/produit\/nutritive\/"]}]},{"@type":"BreadcrumbList","@id":"https:\/\/www.jemma-design.fr\/flush\/produit\/nutritive\/#breadcrumb","itemListElement":[{"@type":"ListItem","position":1,"name":"Accueil","item":"https:\/\/www.jemma-design.fr\/flush\/"},{"@type":"ListItem","position":2,"name":"Boutique","item":"https:\/\/www.jemma-design.fr\/flush\/boutique\/"},{"@type":"ListItem","position":3,"name":"Nutritive"}]},{"@type":"WebSite","@id":"https:\/\/www.jemma-design.fr\/flush\/#website","url":"https:\/\/www.jemma-design.fr\/flush\/","name":"Flush","description":"Un site utilisant WordPress","publisher":{"@id":"https:\/\/www.jemma-design.fr\/flush\/#organization"},"potentialAction":[{"@type":"SearchAction","target":{"@type":"EntryPoint","urlTemplate":"https:\/\/www.jemma-design.fr\/flush\/?s={search_term_string}"},"query-input":"required name=search_term_string"}],"inLanguage":"fr-FR"},{"@type":"Organization","@id":"https:\/\/www.jemma-design.fr\/flush\/#organization","name":"Flush","url":"https:\/\/www.jemma-design.fr\/flush\/","logo":{"@type":"ImageObject","inLanguage":"fr-FR","@id":"https:\/\/www.jemma-design.fr\/flush\/#\/schema\/logo\/image\/","url":"https:\/\/www.jemma-design.fr\/flush\/wp-content\/uploads\/2021\/04\/flush-courrone.svg","contentUrl":"https:\/\/www.jemma-design.fr\/flush\/wp-content\/uploads\/2021\/04\/flush-courrone.svg","caption":"Flush"},"image":{"@id":"https:\/\/www.jemma-design.fr\/flush\/#\/schema\/logo\/image\/"}}]}},"_links":{"self":[{"href":"https:\/\/www.jemma-design.fr\/flush\/wp-json\/wp\/v2\/product\/291"}],"collection":[{"href":"https:\/\/www.jemma-design.fr\/flush\/wp-json\/wp\/v2\/product"}],"about":[{"href":"https:\/\/www.jemma-design.fr\/flush\/wp-json\/wp\/v2\/types\/product"}],"replies":[{"embeddable":true,"href":"https:\/\/www.jemma-design.fr\/flush\/wp-json\/wp\/v2\/comments?post=291"}],"wp:featuredmedia":[{"embeddable":true,"href":"https:\/\/www.jemma-design.fr\/flush\/wp-json\/wp\/v2\/media\/293"}],"wp:attachment":[{"href":"https:\/\/www.jemma-design.fr\/flush\/wp-json\/wp\/v2\/media?parent=291"}],"wp:term":[{"taxonomy":"product_cat","embeddable":true,"href":"https:\/\/www.jemma-design.fr\/flush\/wp-json\/wp\/v2\/product_cat?post=291"},{"taxonomy":"product_tag","embeddable":true,"href":"https:\/\/www.jemma-design.fr\/flush\/wp-json\/wp\/v2\/product_tag?post=291"}],"curies":[{"name":"wp","href":"https:\/\/api.w.org\/{rel}","templated":true}]}}