{"id":199,"date":"2021-04-22T12:42:43","date_gmt":"2021-04-22T10:42:43","guid":{"rendered":"https:\/\/www.jemma-design.fr\/flush\/?post_type=product&#038;p=199"},"modified":"2021-04-27T08:25:00","modified_gmt":"2021-04-27T06:25:00","slug":"199","status":"publish","type":"product","link":"https:\/\/www.jemma-design.fr\/flush\/produit\/199\/","title":{"rendered":"Flushine"},"content":{"rendered":"<p><strong>Blush illuminateur 10g<\/strong><\/p>\n<p>D\u00e9couvrez Flushine, Poudre bronzante &amp; blush.<\/p>\n<p>Comme chaque \u00e9t\u00e9, Flush d\u00e9voile une nouvelle \u00e9dition limit\u00e9e dans un \u00e9crin en m\u00e9tal r\u00e9utilisable.<\/p>\n<p>Les couleurs se m\u00e9langent \u00e0 l&#8217;envie pour r\u00e9chauffer le teint et sublimer l&#8217;\u00e9clat naturel du bronzage. Un sprayage or d\u00e9licat illumine toutes les carnations.<\/p>\n<p>Ingr\u00e9dients principaux :<br \/>\nUne association unique de pigments pour donner bonne mine et faire rayonner le h\u00e2le. Une formule qui ne dess\u00e8che pas la peau et lui assure un confort longue dur\u00e9e. L&#8217;application se fait sans risque de se tromper.<\/p>\n<p>B\u00e9n\u00e9fice produit<\/p>\n<p>Pour un effet bonne mine.<\/p>\n","protected":false},"excerpt":{"rendered":"<p>Les couleurs se m\u00e9langent \u00e0 l&#8217;envie pour r\u00e9chauffer le teint et sublimer l&#8217;\u00e9clat naturel du bronzage. Un sprayage or d\u00e9licat illumine toutes les carnations.<\/p>\n","protected":false},"featured_media":200,"comment_status":"open","ping_status":"closed","template":"","meta":{"inline_featured_image":false},"product_cat":[20],"product_tag":[],"yoast_head":"<!-- This site is optimized with the Yoast SEO plugin v20.4 - https:\/\/yoast.com\/wordpress\/plugins\/seo\/ -->\n<title>Flushine - Flush<\/title>\n<meta name=\"robots\" content=\"index, follow, max-snippet:-1, max-image-preview:large, max-video-preview:-1\" \/>\n<link rel=\"canonical\" href=\"https:\/\/www.jemma-design.fr\/flush\/produit\/199\/\" \/>\n<meta property=\"og:locale\" content=\"fr_FR\" \/>\n<meta property=\"og:type\" content=\"article\" \/>\n<meta property=\"og:title\" content=\"Flushine - Flush\" \/>\n<meta property=\"og:description\" content=\"Les couleurs se m\u00e9langent \u00e0 l&#039;envie pour r\u00e9chauffer le teint et sublimer l&#039;\u00e9clat naturel du bronzage. Un sprayage or d\u00e9licat illumine toutes les carnations.\" \/>\n<meta property=\"og:url\" content=\"https:\/\/www.jemma-design.fr\/flush\/produit\/199\/\" \/>\n<meta property=\"og:site_name\" content=\"Flush\" \/>\n<meta property=\"article:modified_time\" content=\"2021-04-27T06:25:00+00:00\" \/>\n<meta property=\"og:image\" content=\"https:\/\/www.jemma-design.fr\/flush\/wp-content\/uploads\/2021\/04\/blush-old-rose.jpg\" \/>\n\t<meta property=\"og:image:width\" content=\"750\" \/>\n\t<meta property=\"og:image:height\" content=\"500\" \/>\n\t<meta property=\"og:image:type\" content=\"image\/jpeg\" \/>\n<meta name=\"twitter:card\" content=\"summary_large_image\" \/>\n<meta name=\"twitter:label1\" content=\"Dur\u00e9e de lecture estim\u00e9e\" \/>\n\t<meta name=\"twitter:data1\" content=\"1 minute\" \/>\n<script type=\"application\/ld+json\" class=\"yoast-schema-graph\">{\"@context\":\"https:\/\/schema.org\",\"@graph\":[{\"@type\":\"WebPage\",\"@id\":\"https:\/\/www.jemma-design.fr\/flush\/produit\/199\/\",\"url\":\"https:\/\/www.jemma-design.fr\/flush\/produit\/199\/\",\"name\":\"Flushine - Flush\",\"isPartOf\":{\"@id\":\"https:\/\/www.jemma-design.fr\/flush\/#website\"},\"datePublished\":\"2021-04-22T10:42:43+00:00\",\"dateModified\":\"2021-04-27T06:25:00+00:00\",\"breadcrumb\":{\"@id\":\"https:\/\/www.jemma-design.fr\/flush\/produit\/199\/#breadcrumb\"},\"inLanguage\":\"fr-FR\",\"potentialAction\":[{\"@type\":\"ReadAction\",\"target\":[\"https:\/\/www.jemma-design.fr\/flush\/produit\/199\/\"]}]},{\"@type\":\"BreadcrumbList\",\"@id\":\"https:\/\/www.jemma-design.fr\/flush\/produit\/199\/#breadcrumb\",\"itemListElement\":[{\"@type\":\"ListItem\",\"position\":1,\"name\":\"Accueil\",\"item\":\"https:\/\/www.jemma-design.fr\/flush\/\"},{\"@type\":\"ListItem\",\"position\":2,\"name\":\"Boutique\",\"item\":\"https:\/\/www.jemma-design.fr\/flush\/boutique\/\"},{\"@type\":\"ListItem\",\"position\":3,\"name\":\"Flushine\"}]},{\"@type\":\"WebSite\",\"@id\":\"https:\/\/www.jemma-design.fr\/flush\/#website\",\"url\":\"https:\/\/www.jemma-design.fr\/flush\/\",\"name\":\"Flush\",\"description\":\"Un site utilisant WordPress\",\"publisher\":{\"@id\":\"https:\/\/www.jemma-design.fr\/flush\/#organization\"},\"potentialAction\":[{\"@type\":\"SearchAction\",\"target\":{\"@type\":\"EntryPoint\",\"urlTemplate\":\"https:\/\/www.jemma-design.fr\/flush\/?s={search_term_string}\"},\"query-input\":\"required name=search_term_string\"}],\"inLanguage\":\"fr-FR\"},{\"@type\":\"Organization\",\"@id\":\"https:\/\/www.jemma-design.fr\/flush\/#organization\",\"name\":\"Flush\",\"url\":\"https:\/\/www.jemma-design.fr\/flush\/\",\"logo\":{\"@type\":\"ImageObject\",\"inLanguage\":\"fr-FR\",\"@id\":\"https:\/\/www.jemma-design.fr\/flush\/#\/schema\/logo\/image\/\",\"url\":\"https:\/\/www.jemma-design.fr\/flush\/wp-content\/uploads\/2021\/04\/flush-courrone.svg\",\"contentUrl\":\"https:\/\/www.jemma-design.fr\/flush\/wp-content\/uploads\/2021\/04\/flush-courrone.svg\",\"caption\":\"Flush\"},\"image\":{\"@id\":\"https:\/\/www.jemma-design.fr\/flush\/#\/schema\/logo\/image\/\"}}]}<\/script>\n<!-- \/ Yoast SEO plugin. -->","yoast_head_json":{"title":"Flushine - Flush","robots":{"index":"index","follow":"follow","max-snippet":"max-snippet:-1","max-image-preview":"max-image-preview:large","max-video-preview":"max-video-preview:-1"},"canonical":"https:\/\/www.jemma-design.fr\/flush\/produit\/199\/","og_locale":"fr_FR","og_type":"article","og_title":"Flushine - Flush","og_description":"Les couleurs se m\u00e9langent \u00e0 l'envie pour r\u00e9chauffer le teint et sublimer l'\u00e9clat naturel du bronzage. Un sprayage or d\u00e9licat illumine toutes les carnations.","og_url":"https:\/\/www.jemma-design.fr\/flush\/produit\/199\/","og_site_name":"Flush","article_modified_time":"2021-04-27T06:25:00+00:00","og_image":[{"width":750,"height":500,"url":"https:\/\/www.jemma-design.fr\/flush\/wp-content\/uploads\/2021\/04\/blush-old-rose.jpg","type":"image\/jpeg"}],"twitter_card":"summary_large_image","twitter_misc":{"Dur\u00e9e de lecture estim\u00e9e":"1 minute"},"schema":{"@context":"https:\/\/schema.org","@graph":[{"@type":"WebPage","@id":"https:\/\/www.jemma-design.fr\/flush\/produit\/199\/","url":"https:\/\/www.jemma-design.fr\/flush\/produit\/199\/","name":"Flushine - Flush","isPartOf":{"@id":"https:\/\/www.jemma-design.fr\/flush\/#website"},"datePublished":"2021-04-22T10:42:43+00:00","dateModified":"2021-04-27T06:25:00+00:00","breadcrumb":{"@id":"https:\/\/www.jemma-design.fr\/flush\/produit\/199\/#breadcrumb"},"inLanguage":"fr-FR","potentialAction":[{"@type":"ReadAction","target":["https:\/\/www.jemma-design.fr\/flush\/produit\/199\/"]}]},{"@type":"BreadcrumbList","@id":"https:\/\/www.jemma-design.fr\/flush\/produit\/199\/#breadcrumb","itemListElement":[{"@type":"ListItem","position":1,"name":"Accueil","item":"https:\/\/www.jemma-design.fr\/flush\/"},{"@type":"ListItem","position":2,"name":"Boutique","item":"https:\/\/www.jemma-design.fr\/flush\/boutique\/"},{"@type":"ListItem","position":3,"name":"Flushine"}]},{"@type":"WebSite","@id":"https:\/\/www.jemma-design.fr\/flush\/#website","url":"https:\/\/www.jemma-design.fr\/flush\/","name":"Flush","description":"Un site utilisant WordPress","publisher":{"@id":"https:\/\/www.jemma-design.fr\/flush\/#organization"},"potentialAction":[{"@type":"SearchAction","target":{"@type":"EntryPoint","urlTemplate":"https:\/\/www.jemma-design.fr\/flush\/?s={search_term_string}"},"query-input":"required name=search_term_string"}],"inLanguage":"fr-FR"},{"@type":"Organization","@id":"https:\/\/www.jemma-design.fr\/flush\/#organization","name":"Flush","url":"https:\/\/www.jemma-design.fr\/flush\/","logo":{"@type":"ImageObject","inLanguage":"fr-FR","@id":"https:\/\/www.jemma-design.fr\/flush\/#\/schema\/logo\/image\/","url":"https:\/\/www.jemma-design.fr\/flush\/wp-content\/uploads\/2021\/04\/flush-courrone.svg","contentUrl":"https:\/\/www.jemma-design.fr\/flush\/wp-content\/uploads\/2021\/04\/flush-courrone.svg","caption":"Flush"},"image":{"@id":"https:\/\/www.jemma-design.fr\/flush\/#\/schema\/logo\/image\/"}}]}},"_links":{"self":[{"href":"https:\/\/www.jemma-design.fr\/flush\/wp-json\/wp\/v2\/product\/199"}],"collection":[{"href":"https:\/\/www.jemma-design.fr\/flush\/wp-json\/wp\/v2\/product"}],"about":[{"href":"https:\/\/www.jemma-design.fr\/flush\/wp-json\/wp\/v2\/types\/product"}],"replies":[{"embeddable":true,"href":"https:\/\/www.jemma-design.fr\/flush\/wp-json\/wp\/v2\/comments?post=199"}],"wp:featuredmedia":[{"embeddable":true,"href":"https:\/\/www.jemma-design.fr\/flush\/wp-json\/wp\/v2\/media\/200"}],"wp:attachment":[{"href":"https:\/\/www.jemma-design.fr\/flush\/wp-json\/wp\/v2\/media?parent=199"}],"wp:term":[{"taxonomy":"product_cat","embeddable":true,"href":"https:\/\/www.jemma-design.fr\/flush\/wp-json\/wp\/v2\/product_cat?post=199"},{"taxonomy":"product_tag","embeddable":true,"href":"https:\/\/www.jemma-design.fr\/flush\/wp-json\/wp\/v2\/product_tag?post=199"}],"curies":[{"name":"wp","href":"https:\/\/api.w.org\/{rel}","templated":true}]}}