{"id":108,"date":"2021-04-20T12:42:08","date_gmt":"2021-04-20T10:42:08","guid":{"rendered":"https:\/\/www.jemma-design.fr\/flush\/?post_type=product&#038;p=108"},"modified":"2021-04-27T18:14:33","modified_gmt":"2021-04-27T16:14:33","slug":"flushn-spray","status":"publish","type":"product","link":"https:\/\/www.jemma-design.fr\/flush\/produit\/flushn-spray\/","title":{"rendered":"Flush&#8217;n Spray"},"content":{"rendered":"<p><strong>Spray 250 ml<\/strong><\/p>\n<p>Un parfum d\u00e9licieusement acidul\u00e9 o\u00f9 les essences p\u00e9tillantes de fleur d&#8217;oranger et de verveine se m\u00ealent \u00e0 de d\u00e9licats accords de freesia et de c\u00e8dre.<\/p>\n<p>R\u00e9veillez vos sens avec ce Lait corporel puissamment addictif, pour une peau douce, confortable et d\u00e9salt\u00e9r\u00e9e jour apr\u00e8s jour.<\/p>\n<p>Ce lait hydratant corps \u00e0 la texture spray et fondante glisse sur la peau pour aussit\u00f4t lui apporter confort, souplesse et douceur.<br \/>\nGorg\u00e9e de douceur, la peau est lisse et retrouve un toucher velout\u00e9.<br \/>\nA d\u00e9couvrir dans un format flacon spray 250ml, g\u00e9n\u00e9reux et pratique.<\/p>\n<div class=\"prdct__details-benefits\">\n<h3 class=\"prdct__details-title\"><strong>B\u00e9n\u00e9fice produit<\/strong><\/h3>\n<p>La peau est hydrat\u00e9e et apais\u00e9e.<br \/>\nLa peau retrouve un aspect lisse, souple et velout\u00e9.<br \/>\n48 heures d&#8217;hydratation*<\/p>\n<p>*Test clinique, 10 volontaires, 48 h.<\/p>\n<p>Extrait d\u2019aloe vera bio\u00a0: propri\u00e9t\u00e9s hydratantes et apaisantes.<br \/>\nBeurre de karit\u00e9\u00a0: nourrit la peau.<\/p>\n<\/div>\n","protected":false},"excerpt":{"rendered":"<p>Un parfum d\u00e9licieusement acidul\u00e9 o\u00f9 les essences p\u00e9tillantes de fleur d&#8217;oranger et de verveine se m\u00ealent \u00e0 de d\u00e9licats accords de freesia et de c\u00e8dre.<\/p>\n","protected":false},"featured_media":109,"comment_status":"open","ping_status":"closed","template":"","meta":{"inline_featured_image":false},"product_cat":[21],"product_tag":[25],"yoast_head":"<!-- This site is optimized with the Yoast SEO plugin v20.4 - https:\/\/yoast.com\/wordpress\/plugins\/seo\/ -->\n<title>Flush&#039;n Spray - Flush<\/title>\n<meta name=\"robots\" content=\"index, follow, max-snippet:-1, max-image-preview:large, max-video-preview:-1\" \/>\n<link rel=\"canonical\" href=\"https:\/\/www.jemma-design.fr\/flush\/produit\/flushn-spray\/\" \/>\n<meta property=\"og:locale\" content=\"fr_FR\" \/>\n<meta property=\"og:type\" content=\"article\" \/>\n<meta property=\"og:title\" content=\"Flush&#039;n Spray - Flush\" \/>\n<meta property=\"og:description\" content=\"Un parfum d\u00e9licieusement acidul\u00e9 o\u00f9 les essences p\u00e9tillantes de fleur d&#039;oranger et de verveine se m\u00ealent \u00e0 de d\u00e9licats accords de freesia et de c\u00e8dre.\" \/>\n<meta property=\"og:url\" content=\"https:\/\/www.jemma-design.fr\/flush\/produit\/flushn-spray\/\" \/>\n<meta property=\"og:site_name\" content=\"Flush\" \/>\n<meta property=\"article:modified_time\" content=\"2021-04-27T16:14:33+00:00\" \/>\n<meta property=\"og:image\" content=\"https:\/\/www.jemma-design.fr\/flush\/wp-content\/uploads\/2021\/04\/spray-corporel.jpg\" \/>\n\t<meta property=\"og:image:width\" content=\"750\" \/>\n\t<meta property=\"og:image:height\" content=\"500\" \/>\n\t<meta property=\"og:image:type\" content=\"image\/jpeg\" \/>\n<meta name=\"twitter:card\" content=\"summary_large_image\" \/>\n<meta name=\"twitter:label1\" content=\"Dur\u00e9e de lecture estim\u00e9e\" \/>\n\t<meta name=\"twitter:data1\" content=\"1 minute\" \/>\n<script type=\"application\/ld+json\" class=\"yoast-schema-graph\">{\"@context\":\"https:\/\/schema.org\",\"@graph\":[{\"@type\":\"WebPage\",\"@id\":\"https:\/\/www.jemma-design.fr\/flush\/produit\/flushn-spray\/\",\"url\":\"https:\/\/www.jemma-design.fr\/flush\/produit\/flushn-spray\/\",\"name\":\"Flush'n Spray - Flush\",\"isPartOf\":{\"@id\":\"https:\/\/www.jemma-design.fr\/flush\/#website\"},\"datePublished\":\"2021-04-20T10:42:08+00:00\",\"dateModified\":\"2021-04-27T16:14:33+00:00\",\"breadcrumb\":{\"@id\":\"https:\/\/www.jemma-design.fr\/flush\/produit\/flushn-spray\/#breadcrumb\"},\"inLanguage\":\"fr-FR\",\"potentialAction\":[{\"@type\":\"ReadAction\",\"target\":[\"https:\/\/www.jemma-design.fr\/flush\/produit\/flushn-spray\/\"]}]},{\"@type\":\"BreadcrumbList\",\"@id\":\"https:\/\/www.jemma-design.fr\/flush\/produit\/flushn-spray\/#breadcrumb\",\"itemListElement\":[{\"@type\":\"ListItem\",\"position\":1,\"name\":\"Accueil\",\"item\":\"https:\/\/www.jemma-design.fr\/flush\/\"},{\"@type\":\"ListItem\",\"position\":2,\"name\":\"Boutique\",\"item\":\"https:\/\/www.jemma-design.fr\/flush\/boutique\/\"},{\"@type\":\"ListItem\",\"position\":3,\"name\":\"Flush&rsquo;n Spray\"}]},{\"@type\":\"WebSite\",\"@id\":\"https:\/\/www.jemma-design.fr\/flush\/#website\",\"url\":\"https:\/\/www.jemma-design.fr\/flush\/\",\"name\":\"Flush\",\"description\":\"Un site utilisant WordPress\",\"publisher\":{\"@id\":\"https:\/\/www.jemma-design.fr\/flush\/#organization\"},\"potentialAction\":[{\"@type\":\"SearchAction\",\"target\":{\"@type\":\"EntryPoint\",\"urlTemplate\":\"https:\/\/www.jemma-design.fr\/flush\/?s={search_term_string}\"},\"query-input\":\"required name=search_term_string\"}],\"inLanguage\":\"fr-FR\"},{\"@type\":\"Organization\",\"@id\":\"https:\/\/www.jemma-design.fr\/flush\/#organization\",\"name\":\"Flush\",\"url\":\"https:\/\/www.jemma-design.fr\/flush\/\",\"logo\":{\"@type\":\"ImageObject\",\"inLanguage\":\"fr-FR\",\"@id\":\"https:\/\/www.jemma-design.fr\/flush\/#\/schema\/logo\/image\/\",\"url\":\"https:\/\/www.jemma-design.fr\/flush\/wp-content\/uploads\/2021\/04\/flush-courrone.svg\",\"contentUrl\":\"https:\/\/www.jemma-design.fr\/flush\/wp-content\/uploads\/2021\/04\/flush-courrone.svg\",\"caption\":\"Flush\"},\"image\":{\"@id\":\"https:\/\/www.jemma-design.fr\/flush\/#\/schema\/logo\/image\/\"}}]}<\/script>\n<!-- \/ Yoast SEO plugin. -->","yoast_head_json":{"title":"Flush'n Spray - Flush","robots":{"index":"index","follow":"follow","max-snippet":"max-snippet:-1","max-image-preview":"max-image-preview:large","max-video-preview":"max-video-preview:-1"},"canonical":"https:\/\/www.jemma-design.fr\/flush\/produit\/flushn-spray\/","og_locale":"fr_FR","og_type":"article","og_title":"Flush'n Spray - Flush","og_description":"Un parfum d\u00e9licieusement acidul\u00e9 o\u00f9 les essences p\u00e9tillantes de fleur d'oranger et de verveine se m\u00ealent \u00e0 de d\u00e9licats accords de freesia et de c\u00e8dre.","og_url":"https:\/\/www.jemma-design.fr\/flush\/produit\/flushn-spray\/","og_site_name":"Flush","article_modified_time":"2021-04-27T16:14:33+00:00","og_image":[{"width":750,"height":500,"url":"https:\/\/www.jemma-design.fr\/flush\/wp-content\/uploads\/2021\/04\/spray-corporel.jpg","type":"image\/jpeg"}],"twitter_card":"summary_large_image","twitter_misc":{"Dur\u00e9e de lecture estim\u00e9e":"1 minute"},"schema":{"@context":"https:\/\/schema.org","@graph":[{"@type":"WebPage","@id":"https:\/\/www.jemma-design.fr\/flush\/produit\/flushn-spray\/","url":"https:\/\/www.jemma-design.fr\/flush\/produit\/flushn-spray\/","name":"Flush'n Spray - Flush","isPartOf":{"@id":"https:\/\/www.jemma-design.fr\/flush\/#website"},"datePublished":"2021-04-20T10:42:08+00:00","dateModified":"2021-04-27T16:14:33+00:00","breadcrumb":{"@id":"https:\/\/www.jemma-design.fr\/flush\/produit\/flushn-spray\/#breadcrumb"},"inLanguage":"fr-FR","potentialAction":[{"@type":"ReadAction","target":["https:\/\/www.jemma-design.fr\/flush\/produit\/flushn-spray\/"]}]},{"@type":"BreadcrumbList","@id":"https:\/\/www.jemma-design.fr\/flush\/produit\/flushn-spray\/#breadcrumb","itemListElement":[{"@type":"ListItem","position":1,"name":"Accueil","item":"https:\/\/www.jemma-design.fr\/flush\/"},{"@type":"ListItem","position":2,"name":"Boutique","item":"https:\/\/www.jemma-design.fr\/flush\/boutique\/"},{"@type":"ListItem","position":3,"name":"Flush&rsquo;n Spray"}]},{"@type":"WebSite","@id":"https:\/\/www.jemma-design.fr\/flush\/#website","url":"https:\/\/www.jemma-design.fr\/flush\/","name":"Flush","description":"Un site utilisant WordPress","publisher":{"@id":"https:\/\/www.jemma-design.fr\/flush\/#organization"},"potentialAction":[{"@type":"SearchAction","target":{"@type":"EntryPoint","urlTemplate":"https:\/\/www.jemma-design.fr\/flush\/?s={search_term_string}"},"query-input":"required name=search_term_string"}],"inLanguage":"fr-FR"},{"@type":"Organization","@id":"https:\/\/www.jemma-design.fr\/flush\/#organization","name":"Flush","url":"https:\/\/www.jemma-design.fr\/flush\/","logo":{"@type":"ImageObject","inLanguage":"fr-FR","@id":"https:\/\/www.jemma-design.fr\/flush\/#\/schema\/logo\/image\/","url":"https:\/\/www.jemma-design.fr\/flush\/wp-content\/uploads\/2021\/04\/flush-courrone.svg","contentUrl":"https:\/\/www.jemma-design.fr\/flush\/wp-content\/uploads\/2021\/04\/flush-courrone.svg","caption":"Flush"},"image":{"@id":"https:\/\/www.jemma-design.fr\/flush\/#\/schema\/logo\/image\/"}}]}},"_links":{"self":[{"href":"https:\/\/www.jemma-design.fr\/flush\/wp-json\/wp\/v2\/product\/108"}],"collection":[{"href":"https:\/\/www.jemma-design.fr\/flush\/wp-json\/wp\/v2\/product"}],"about":[{"href":"https:\/\/www.jemma-design.fr\/flush\/wp-json\/wp\/v2\/types\/product"}],"replies":[{"embeddable":true,"href":"https:\/\/www.jemma-design.fr\/flush\/wp-json\/wp\/v2\/comments?post=108"}],"wp:featuredmedia":[{"embeddable":true,"href":"https:\/\/www.jemma-design.fr\/flush\/wp-json\/wp\/v2\/media\/109"}],"wp:attachment":[{"href":"https:\/\/www.jemma-design.fr\/flush\/wp-json\/wp\/v2\/media?parent=108"}],"wp:term":[{"taxonomy":"product_cat","embeddable":true,"href":"https:\/\/www.jemma-design.fr\/flush\/wp-json\/wp\/v2\/product_cat?post=108"},{"taxonomy":"product_tag","embeddable":true,"href":"https:\/\/www.jemma-design.fr\/flush\/wp-json\/wp\/v2\/product_tag?post=108"}],"curies":[{"name":"wp","href":"https:\/\/api.w.org\/{rel}","templated":true}]}}