{"id":5,"date":"2021-04-22T11:26:52","date_gmt":"2021-04-22T09:26:52","guid":{"rendered":"https:\/\/www.jemma-design.fr\/flush\/?page_id=5"},"modified":"2021-08-30T14:12:09","modified_gmt":"2021-08-30T12:12:09","slug":"notre-marque","status":"publish","type":"page","link":"https:\/\/www.jemma-design.fr\/flush\/notre-marque\/","title":{"rendered":"Notre Marque"},"content":{"rendered":"\t\t<div data-elementor-type=\"wp-post\" data-elementor-id=\"5\" class=\"elementor elementor-5\">\n\t\t\t\t\t\t\t\t\t<section class=\"elementor-section elementor-top-section elementor-element elementor-element-4866a40 elementor-section-full_width elementor-section-height-min-height elementor-section-height-default elementor-section-items-middle\" data-id=\"4866a40\" data-element_type=\"section\" data-settings=\"{&quot;background_background&quot;:&quot;classic&quot;}\">\n\t\t\t\t\t\t<div class=\"elementor-container elementor-column-gap-default\">\n\t\t\t\t\t<div class=\"elementor-column elementor-col-100 elementor-top-column elementor-element elementor-element-5518e93\" data-id=\"5518e93\" data-element_type=\"column\">\n\t\t\t<div class=\"elementor-widget-wrap\">\n\t\t\t\t\t\t\t\t\t<\/div>\n\t\t<\/div>\n\t\t\t\t\t\t\t<\/div>\n\t\t<\/section>\n\t\t\t\t<section class=\"elementor-section elementor-top-section elementor-element elementor-element-33b3c77 elementor-section-boxed elementor-section-height-default elementor-section-height-default\" data-id=\"33b3c77\" data-element_type=\"section\" data-settings=\"{&quot;background_background&quot;:&quot;classic&quot;}\">\n\t\t\t\t\t\t<div class=\"elementor-container elementor-column-gap-default\">\n\t\t\t\t\t<div class=\"elementor-column elementor-col-100 elementor-top-column elementor-element elementor-element-f2346f4\" data-id=\"f2346f4\" data-element_type=\"column\">\n\t\t\t<div class=\"elementor-widget-wrap elementor-element-populated\">\n\t\t\t\t\t\t\t\t<div class=\"elementor-element elementor-element-a1543f9 elementor-widget elementor-widget-text-editor\" data-id=\"a1543f9\" data-element_type=\"widget\" data-widget_type=\"text-editor.default\">\n\t\t\t\t<div class=\"elementor-widget-container\">\n\t\t\t\t\t\t\t<p>Notre marque a choisi la nature comme source d&#8217;inspiration et s&#8217;appuie sur les priopri\u00e9t\u00e9s naturelles des plantes pour renforcer son innovation. Nous privil\u00e9gions le d\u00e9veloppement des relations durables avec les producteurs et favorisons les fili\u00e8res locales courtes et int\u00e9gr\u00e9es pour nos ingr\u00e9dients cl\u00e9s.<\/p>\t\t\t\t\t\t<\/div>\n\t\t\t\t<\/div>\n\t\t\t\t\t<\/div>\n\t\t<\/div>\n\t\t\t\t\t\t\t<\/div>\n\t\t<\/section>\n\t\t\t\t<section class=\"elementor-section elementor-top-section elementor-element elementor-element-dab4913 elementor-section-boxed elementor-section-height-default elementor-section-height-default\" data-id=\"dab4913\" data-element_type=\"section\" data-settings=\"{&quot;background_background&quot;:&quot;classic&quot;}\">\n\t\t\t\t\t\t<div class=\"elementor-container elementor-column-gap-narrow\">\n\t\t\t\t\t<div class=\"elementor-column elementor-col-33 elementor-top-column elementor-element elementor-element-f281a74 animated-slow elementor-invisible\" data-id=\"f281a74\" data-element_type=\"column\" data-settings=\"{&quot;animation&quot;:&quot;fadeIn&quot;,&quot;background_background&quot;:&quot;classic&quot;}\">\n\t\t\t<div class=\"elementor-widget-wrap elementor-element-populated\">\n\t\t\t\t\t\t\t\t<div class=\"elementor-element elementor-element-886c0da elementor-widget elementor-widget-heading\" data-id=\"886c0da\" data-element_type=\"widget\" data-widget_type=\"heading.default\">\n\t\t\t\t<div class=\"elementor-widget-container\">\n\t\t\t<h2 class=\"elementor-heading-title elementor-size-default\">Pur et Ethique<\/h2>\t\t<\/div>\n\t\t\t\t<\/div>\n\t\t\t\t<div class=\"elementor-element elementor-element-78ddd8c elementor-widget elementor-widget-text-editor\" data-id=\"78ddd8c\" data-element_type=\"widget\" data-widget_type=\"text-editor.default\">\n\t\t\t\t<div class=\"elementor-widget-container\">\n\t\t\t\t\t\t\t<p>Chaque produit est pr\u00e9cieux. <br \/>Chez <em><strong>Flush<\/strong><\/em>, tout doit \u00eatre fait de mani\u00e8re s\u00fbre, naturelle et tourn\u00e9e vers la beaut\u00e9 et l&#8217;avenir. Cela concerne le d\u00e9veloppement de produits, ainsi que la s\u00e9lection des ingr\u00e9dients pour les produits et pour l&#8217;emballage.<\/p>\t\t\t\t\t\t<\/div>\n\t\t\t\t<\/div>\n\t\t\t\t\t<\/div>\n\t\t<\/div>\n\t\t\t\t<div class=\"elementor-column elementor-col-33 elementor-top-column elementor-element elementor-element-8ecb714 animated-slow elementor-invisible\" data-id=\"8ecb714\" data-element_type=\"column\" data-settings=\"{&quot;animation&quot;:&quot;fadeIn&quot;,&quot;background_background&quot;:&quot;classic&quot;}\">\n\t\t\t<div class=\"elementor-widget-wrap elementor-element-populated\">\n\t\t\t\t\t\t\t\t<div class=\"elementor-element elementor-element-bf5ad78 elementor-widget elementor-widget-text-editor\" data-id=\"bf5ad78\" data-element_type=\"widget\" data-widget_type=\"text-editor.default\">\n\t\t\t\t<div class=\"elementor-widget-container\">\n\t\t\t\t\t\t\t<p>Chez <strong>Flush<\/strong> nous voulont que nos produits de beaut\u00e9 stimulent l&#8217;hydratation, retardent les signes de vieillissement et fournissent des r\u00e9sultats qui changent v\u00e9ritablement la peau, et que vous pouvez les voir et ressentir.<\/p>\t\t\t\t\t\t<\/div>\n\t\t\t\t<\/div>\n\t\t\t\t\t<\/div>\n\t\t<\/div>\n\t\t\t\t<div class=\"elementor-column elementor-col-33 elementor-top-column elementor-element elementor-element-feb7c10 animated-slow elementor-invisible\" data-id=\"feb7c10\" data-element_type=\"column\" data-settings=\"{&quot;animation&quot;:&quot;fadeIn&quot;,&quot;background_background&quot;:&quot;classic&quot;}\">\n\t\t\t<div class=\"elementor-widget-wrap elementor-element-populated\">\n\t\t\t\t\t\t\t\t<div class=\"elementor-element elementor-element-d676a3d elementor-widget elementor-widget-text-editor\" data-id=\"d676a3d\" data-element_type=\"widget\" data-widget_type=\"text-editor.default\">\n\t\t\t\t<div class=\"elementor-widget-container\">\n\t\t\t\t\t\t\t<p>\u00abNous appr\u00e9cions l\u2019ombre des arbres que nous n\u2019avons pas plant\u00e9s\u00bb<\/p>\t\t\t\t\t\t<\/div>\n\t\t\t\t<\/div>\n\t\t\t\t\t<\/div>\n\t\t<\/div>\n\t\t\t\t\t\t\t<\/div>\n\t\t<\/section>\n\t\t\t\t<section class=\"elementor-section elementor-top-section elementor-element elementor-element-c636723 elementor-section-boxed elementor-section-height-default elementor-section-height-default\" data-id=\"c636723\" data-element_type=\"section\">\n\t\t\t\t\t\t<div class=\"elementor-container elementor-column-gap-default\">\n\t\t\t\t\t<div class=\"elementor-column elementor-col-100 elementor-top-column elementor-element elementor-element-d503fb4\" data-id=\"d503fb4\" data-element_type=\"column\">\n\t\t\t<div class=\"elementor-widget-wrap elementor-element-populated\">\n\t\t\t\t\t\t\t\t<section class=\"elementor-section elementor-inner-section elementor-element elementor-element-6d25eac elementor-section-boxed elementor-section-height-default elementor-section-height-default\" data-id=\"6d25eac\" data-element_type=\"section\">\n\t\t\t\t\t\t<div class=\"elementor-container elementor-column-gap-default\">\n\t\t\t\t\t<div class=\"elementor-column elementor-col-50 elementor-inner-column elementor-element elementor-element-fdd28ce\" data-id=\"fdd28ce\" data-element_type=\"column\">\n\t\t\t<div class=\"elementor-widget-wrap elementor-element-populated\">\n\t\t\t\t\t\t\t\t<div class=\"elementor-element elementor-element-fc40576 elementor-widget elementor-widget-heading\" data-id=\"fc40576\" data-element_type=\"widget\" data-widget_type=\"heading.default\">\n\t\t\t\t<div class=\"elementor-widget-container\">\n\t\t\t<h2 class=\"elementor-heading-title elementor-size-default\">LE BON SOIN DE LA PEAU NE CONCERNE-T-IL QUE LA PEAU ?<\/h2>\t\t<\/div>\n\t\t\t\t<\/div>\n\t\t\t\t<div class=\"elementor-element elementor-element-ef4787f elementor-widget elementor-widget-text-editor\" data-id=\"ef4787f\" data-element_type=\"widget\" data-widget_type=\"text-editor.default\">\n\t\t\t\t<div class=\"elementor-widget-container\">\n\t\t\t\t\t\t\t<p>Nous croyons que le meilleur soin de la peau est celui qui p\u00e9n\u00e8tre plus profond\u00e9ment que les couches superficielles de l\u2019\u00e9piderme. Ce soin n&#8217;a pas juste pour objectif d&#8217;am\u00e9liorer notre apparence, mais aussi d\u2019avoir un impact positif sur notre bien-\u00eatre et notre comportement. Le bon soin de la peau, c&#8217;est aussi le souci de notre bien-\u00eatre et de notre estime de soi, le souci des choix que nous faisons, des valeurs que nous respectons et de l&#8217;empreinte \u00e9cologique que nous laissons.<\/p>\t\t\t\t\t\t<\/div>\n\t\t\t\t<\/div>\n\t\t\t\t<div class=\"elementor-element elementor-element-b1a1de3 elementor-widget elementor-widget-text-editor\" data-id=\"b1a1de3\" data-element_type=\"widget\" data-widget_type=\"text-editor.default\">\n\t\t\t\t<div class=\"elementor-widget-container\">\n\t\t\t\t\t\t\t<p>Pour les nordiques, souvent introvertis et solitaires, ce qui se trouve \u00e0 l&#8217;int\u00e9rieur a toujours \u00e9t\u00e9 plus important que l\u2019apparence. C&#8217;est pourquoi nous mettons l\u2019accent sur des ingr\u00e9dients vraiment efficaces, une communication honn\u00eate, des emballages respectueux de l&#8217;environnement, du soin, de la passion et du respect. Parce qu&#8217;un c\u0153ur radieux conduit \u00e0 une peau radieuse.<\/p>\t\t\t\t\t\t<\/div>\n\t\t\t\t<\/div>\n\t\t\t\t\t<\/div>\n\t\t<\/div>\n\t\t\t\t<div class=\"elementor-column elementor-col-50 elementor-inner-column elementor-element elementor-element-56eead8\" data-id=\"56eead8\" data-element_type=\"column\">\n\t\t\t<div class=\"elementor-widget-wrap elementor-element-populated\">\n\t\t\t\t\t\t\t\t<div class=\"elementor-element elementor-element-da4c5e7 elementor-widget elementor-widget-image\" data-id=\"da4c5e7\" data-element_type=\"widget\" data-widget_type=\"image.default\">\n\t\t\t\t<div class=\"elementor-widget-container\">\n\t\t\t\t\t\t\t\t\t\t\t\t\t\t\t<img decoding=\"async\" src=\"https:\/\/www.jemma-design.fr\/flush\/wp-content\/uploads\/elementor\/thumbs\/pexels-marcela-oliveira-4462168-scaled-p7e2fp7dsrmvv0u4jzy0v28z51uchbxphc6aeo7f60.jpg\" title=\"pexels-marcela-oliveira-4462168\" alt=\"pexels-marcela-oliveira-4462168\" loading=\"lazy\" \/>\t\t\t\t\t\t\t\t\t\t\t\t\t\t\t<\/div>\n\t\t\t\t<\/div>\n\t\t\t\t\t<\/div>\n\t\t<\/div>\n\t\t\t\t\t\t\t<\/div>\n\t\t<\/section>\n\t\t\t\t\t<\/div>\n\t\t<\/div>\n\t\t\t\t\t\t\t<\/div>\n\t\t<\/section>\n\t\t\t\t<section class=\"elementor-section elementor-top-section elementor-element elementor-element-12c3733 elementor-section-boxed elementor-section-height-default elementor-section-height-default\" data-id=\"12c3733\" data-element_type=\"section\">\n\t\t\t\t\t\t<div class=\"elementor-container elementor-column-gap-default\">\n\t\t\t\t\t<div class=\"elementor-column elementor-col-50 elementor-top-column elementor-element elementor-element-2f1173d\" data-id=\"2f1173d\" data-element_type=\"column\">\n\t\t\t<div class=\"elementor-widget-wrap elementor-element-populated\">\n\t\t\t\t\t\t\t\t<div class=\"elementor-element elementor-element-e9ff84a elementor-widget elementor-widget-image\" data-id=\"e9ff84a\" data-element_type=\"widget\" data-widget_type=\"image.default\">\n\t\t\t\t<div class=\"elementor-widget-container\">\n\t\t\t\t\t\t\t\t\t\t\t\t\t\t\t<img decoding=\"async\" src=\"https:\/\/www.jemma-design.fr\/flush\/wp-content\/uploads\/elementor\/thumbs\/pexels-rebecca-5566050-scaled-p7e2cmafebf1t1b8jo01ou8l1l1191pdq36zs0rvk8.jpg\" title=\"pexels-rebecca-5566050\" alt=\"pexels-rebecca-5566050\" loading=\"lazy\" \/>\t\t\t\t\t\t\t\t\t\t\t\t\t\t\t<\/div>\n\t\t\t\t<\/div>\n\t\t\t\t\t<\/div>\n\t\t<\/div>\n\t\t\t\t<div class=\"elementor-column elementor-col-50 elementor-top-column elementor-element elementor-element-3954a60\" data-id=\"3954a60\" data-element_type=\"column\">\n\t\t\t<div class=\"elementor-widget-wrap elementor-element-populated\">\n\t\t\t\t\t\t\t\t<div class=\"elementor-element elementor-element-2beaca7 elementor-widget elementor-widget-heading\" data-id=\"2beaca7\" data-element_type=\"widget\" data-widget_type=\"heading.default\">\n\t\t\t\t<div class=\"elementor-widget-container\">\n\t\t\t<h2 class=\"elementor-heading-title elementor-size-default\">C'EST DANS NOTRE SANG<\/h2>\t\t<\/div>\n\t\t\t\t<\/div>\n\t\t\t\t<div class=\"elementor-element elementor-element-75f72cf elementor-widget elementor-widget-text-editor\" data-id=\"75f72cf\" data-element_type=\"widget\" data-widget_type=\"text-editor.default\">\n\t\t\t\t<div class=\"elementor-widget-container\">\n\t\t\t\t\t\t\t<p>Depuis des milliers d&#8217;ann\u00e9es, notre climat nordique rigoureux et froid a permis l&#8217;\u00e9volution de plantes aux propri\u00e9t\u00e9s extraordinaires. Ces racines profondes, feuilles am\u00e8res et \u00e9corces noueuses ont gu\u00e9ri des blessures et sauv\u00e9 des vies. Et la connaissance et la sagesse durement acquises par la survie sont toujours dans notre sang, transmises de m\u00e8re en fille et de p\u00e8re en fils. Aujourd&#8217;hui, au XXIe si\u00e8cle, nous voulons prouver que la nature nous donne tout ce dont nous avons besoin. Nous examinons donc les l\u00e9gendes sur les herbes m\u00e9dicinales nordiques, dont les propri\u00e9t\u00e9s secr\u00e8tes sont r\u00e9v\u00e9l\u00e9es par nos chercheurs sous la vive lumi\u00e8re des laboratoires. Dans notre qu\u00eate incessante pour d\u00e9couvrir ce que la nature cache encore, la validation scientifique est une exigence pour chacun de nos ingr\u00e9dients s\u00e9lectionn\u00e9s et de nos cr\u00e9ations finales&#8230; Curieusement, c&#8217;est la raret\u00e9 des ressources et de la lumi\u00e8re du soleil qui a fait de nous des perfectionnistes aux yeux vifs, concentr\u00e9s sur le d\u00e9tail, le design et, surtout, la qualit\u00e9.<\/p>\t\t\t\t\t\t<\/div>\n\t\t\t\t<\/div>\n\t\t\t\t\t<\/div>\n\t\t<\/div>\n\t\t\t\t\t\t\t<\/div>\n\t\t<\/section>\n\t\t\t\t\t\t\t<\/div>\n\t\t","protected":false},"excerpt":{"rendered":"<p>Notre marque a choisi la nature comme source d&#8217;inspiration et s&#8217;appuie sur les priopri\u00e9t\u00e9s naturelles des plantes pour renforcer son innovation. Nous privil\u00e9gions le d\u00e9veloppement des relations durables avec les producteurs et favorisons les fili\u00e8res locales courtes et int\u00e9gr\u00e9es pour nos ingr\u00e9dients cl\u00e9s. Pur et Ethique Chaque produit est pr\u00e9cieux. [&hellip;]<\/p>\n","protected":false},"author":1,"featured_media":0,"parent":0,"menu_order":0,"comment_status":"closed","ping_status":"closed","template":"elementor_header_footer","meta":{"inline_featured_image":false},"yoast_head":"<!-- This site is optimized with the Yoast SEO plugin v20.4 - https:\/\/yoast.com\/wordpress\/plugins\/seo\/ -->\n<title>Notre Marque - Flush<\/title>\n<meta name=\"robots\" content=\"index, follow, max-snippet:-1, max-image-preview:large, max-video-preview:-1\" \/>\n<link rel=\"canonical\" href=\"https:\/\/www.jemma-design.fr\/flush\/notre-marque\/\" \/>\n<meta property=\"og:locale\" content=\"fr_FR\" \/>\n<meta property=\"og:type\" content=\"article\" \/>\n<meta property=\"og:title\" content=\"Notre Marque - Flush\" \/>\n<meta property=\"og:description\" content=\"Notre marque a choisi la nature comme source d&#8217;inspiration et s&#8217;appuie sur les priopri\u00e9t\u00e9s naturelles des plantes pour renforcer son innovation. Nous privil\u00e9gions le d\u00e9veloppement des relations durables avec les producteurs et favorisons les fili\u00e8res locales courtes et int\u00e9gr\u00e9es pour nos ingr\u00e9dients cl\u00e9s. Pur et Ethique Chaque produit est pr\u00e9cieux. [&hellip;]\" \/>\n<meta property=\"og:url\" content=\"https:\/\/www.jemma-design.fr\/flush\/notre-marque\/\" \/>\n<meta property=\"og:site_name\" content=\"Flush\" \/>\n<meta property=\"article:modified_time\" content=\"2021-08-30T12:12:09+00:00\" \/>\n<meta property=\"og:image\" content=\"https:\/\/www.jemma-design.fr\/flush\/wp-content\/uploads\/elementor\/thumbs\/pexels-marcela-oliveira-4462168-scaled-p7e2fp7dsrmvv0u4jzy0v28z51uchbxphc6aeo7f60.jpg\" \/>\n<meta name=\"twitter:card\" content=\"summary_large_image\" \/>\n<meta name=\"twitter:label1\" content=\"Dur\u00e9e de lecture estim\u00e9e\" \/>\n\t<meta name=\"twitter:data1\" content=\"3 minutes\" \/>\n<script type=\"application\/ld+json\" class=\"yoast-schema-graph\">{\"@context\":\"https:\/\/schema.org\",\"@graph\":[{\"@type\":\"WebPage\",\"@id\":\"https:\/\/www.jemma-design.fr\/flush\/notre-marque\/\",\"url\":\"https:\/\/www.jemma-design.fr\/flush\/notre-marque\/\",\"name\":\"Notre Marque - Flush\",\"isPartOf\":{\"@id\":\"https:\/\/www.jemma-design.fr\/flush\/#website\"},\"datePublished\":\"2021-04-22T09:26:52+00:00\",\"dateModified\":\"2021-08-30T12:12:09+00:00\",\"breadcrumb\":{\"@id\":\"https:\/\/www.jemma-design.fr\/flush\/notre-marque\/#breadcrumb\"},\"inLanguage\":\"fr-FR\",\"potentialAction\":[{\"@type\":\"ReadAction\",\"target\":[\"https:\/\/www.jemma-design.fr\/flush\/notre-marque\/\"]}]},{\"@type\":\"BreadcrumbList\",\"@id\":\"https:\/\/www.jemma-design.fr\/flush\/notre-marque\/#breadcrumb\",\"itemListElement\":[{\"@type\":\"ListItem\",\"position\":1,\"name\":\"Accueil\",\"item\":\"https:\/\/www.jemma-design.fr\/flush\/\"},{\"@type\":\"ListItem\",\"position\":2,\"name\":\"Notre Marque\"}]},{\"@type\":\"WebSite\",\"@id\":\"https:\/\/www.jemma-design.fr\/flush\/#website\",\"url\":\"https:\/\/www.jemma-design.fr\/flush\/\",\"name\":\"Flush\",\"description\":\"Un site utilisant WordPress\",\"publisher\":{\"@id\":\"https:\/\/www.jemma-design.fr\/flush\/#organization\"},\"potentialAction\":[{\"@type\":\"SearchAction\",\"target\":{\"@type\":\"EntryPoint\",\"urlTemplate\":\"https:\/\/www.jemma-design.fr\/flush\/?s={search_term_string}\"},\"query-input\":\"required name=search_term_string\"}],\"inLanguage\":\"fr-FR\"},{\"@type\":\"Organization\",\"@id\":\"https:\/\/www.jemma-design.fr\/flush\/#organization\",\"name\":\"Flush\",\"url\":\"https:\/\/www.jemma-design.fr\/flush\/\",\"logo\":{\"@type\":\"ImageObject\",\"inLanguage\":\"fr-FR\",\"@id\":\"https:\/\/www.jemma-design.fr\/flush\/#\/schema\/logo\/image\/\",\"url\":\"https:\/\/www.jemma-design.fr\/flush\/wp-content\/uploads\/2021\/04\/flush-courrone.svg\",\"contentUrl\":\"https:\/\/www.jemma-design.fr\/flush\/wp-content\/uploads\/2021\/04\/flush-courrone.svg\",\"caption\":\"Flush\"},\"image\":{\"@id\":\"https:\/\/www.jemma-design.fr\/flush\/#\/schema\/logo\/image\/\"}}]}<\/script>\n<!-- \/ Yoast SEO plugin. -->","yoast_head_json":{"title":"Notre Marque - Flush","robots":{"index":"index","follow":"follow","max-snippet":"max-snippet:-1","max-image-preview":"max-image-preview:large","max-video-preview":"max-video-preview:-1"},"canonical":"https:\/\/www.jemma-design.fr\/flush\/notre-marque\/","og_locale":"fr_FR","og_type":"article","og_title":"Notre Marque - Flush","og_description":"Notre marque a choisi la nature comme source d&#8217;inspiration et s&#8217;appuie sur les priopri\u00e9t\u00e9s naturelles des plantes pour renforcer son innovation. Nous privil\u00e9gions le d\u00e9veloppement des relations durables avec les producteurs et favorisons les fili\u00e8res locales courtes et int\u00e9gr\u00e9es pour nos ingr\u00e9dients cl\u00e9s. Pur et Ethique Chaque produit est pr\u00e9cieux. [&hellip;]","og_url":"https:\/\/www.jemma-design.fr\/flush\/notre-marque\/","og_site_name":"Flush","article_modified_time":"2021-08-30T12:12:09+00:00","og_image":[{"url":"https:\/\/www.jemma-design.fr\/flush\/wp-content\/uploads\/elementor\/thumbs\/pexels-marcela-oliveira-4462168-scaled-p7e2fp7dsrmvv0u4jzy0v28z51uchbxphc6aeo7f60.jpg"}],"twitter_card":"summary_large_image","twitter_misc":{"Dur\u00e9e de lecture estim\u00e9e":"3 minutes"},"schema":{"@context":"https:\/\/schema.org","@graph":[{"@type":"WebPage","@id":"https:\/\/www.jemma-design.fr\/flush\/notre-marque\/","url":"https:\/\/www.jemma-design.fr\/flush\/notre-marque\/","name":"Notre Marque - Flush","isPartOf":{"@id":"https:\/\/www.jemma-design.fr\/flush\/#website"},"datePublished":"2021-04-22T09:26:52+00:00","dateModified":"2021-08-30T12:12:09+00:00","breadcrumb":{"@id":"https:\/\/www.jemma-design.fr\/flush\/notre-marque\/#breadcrumb"},"inLanguage":"fr-FR","potentialAction":[{"@type":"ReadAction","target":["https:\/\/www.jemma-design.fr\/flush\/notre-marque\/"]}]},{"@type":"BreadcrumbList","@id":"https:\/\/www.jemma-design.fr\/flush\/notre-marque\/#breadcrumb","itemListElement":[{"@type":"ListItem","position":1,"name":"Accueil","item":"https:\/\/www.jemma-design.fr\/flush\/"},{"@type":"ListItem","position":2,"name":"Notre Marque"}]},{"@type":"WebSite","@id":"https:\/\/www.jemma-design.fr\/flush\/#website","url":"https:\/\/www.jemma-design.fr\/flush\/","name":"Flush","description":"Un site utilisant WordPress","publisher":{"@id":"https:\/\/www.jemma-design.fr\/flush\/#organization"},"potentialAction":[{"@type":"SearchAction","target":{"@type":"EntryPoint","urlTemplate":"https:\/\/www.jemma-design.fr\/flush\/?s={search_term_string}"},"query-input":"required name=search_term_string"}],"inLanguage":"fr-FR"},{"@type":"Organization","@id":"https:\/\/www.jemma-design.fr\/flush\/#organization","name":"Flush","url":"https:\/\/www.jemma-design.fr\/flush\/","logo":{"@type":"ImageObject","inLanguage":"fr-FR","@id":"https:\/\/www.jemma-design.fr\/flush\/#\/schema\/logo\/image\/","url":"https:\/\/www.jemma-design.fr\/flush\/wp-content\/uploads\/2021\/04\/flush-courrone.svg","contentUrl":"https:\/\/www.jemma-design.fr\/flush\/wp-content\/uploads\/2021\/04\/flush-courrone.svg","caption":"Flush"},"image":{"@id":"https:\/\/www.jemma-design.fr\/flush\/#\/schema\/logo\/image\/"}}]}},"_links":{"self":[{"href":"https:\/\/www.jemma-design.fr\/flush\/wp-json\/wp\/v2\/pages\/5"}],"collection":[{"href":"https:\/\/www.jemma-design.fr\/flush\/wp-json\/wp\/v2\/pages"}],"about":[{"href":"https:\/\/www.jemma-design.fr\/flush\/wp-json\/wp\/v2\/types\/page"}],"author":[{"embeddable":true,"href":"https:\/\/www.jemma-design.fr\/flush\/wp-json\/wp\/v2\/users\/1"}],"replies":[{"embeddable":true,"href":"https:\/\/www.jemma-design.fr\/flush\/wp-json\/wp\/v2\/comments?post=5"}],"version-history":[{"count":86,"href":"https:\/\/www.jemma-design.fr\/flush\/wp-json\/wp\/v2\/pages\/5\/revisions"}],"predecessor-version":[{"id":641,"href":"https:\/\/www.jemma-design.fr\/flush\/wp-json\/wp\/v2\/pages\/5\/revisions\/641"}],"wp:attachment":[{"href":"https:\/\/www.jemma-design.fr\/flush\/wp-json\/wp\/v2\/media?parent=5"}],"curies":[{"name":"wp","href":"https:\/\/api.w.org\/{rel}","templated":true}]}}