{"id":274,"date":"2021-04-26T11:33:17","date_gmt":"2021-04-26T09:33:17","guid":{"rendered":"https:\/\/www.jemma-design.fr\/flush\/?page_id=274"},"modified":"2021-05-06T14:05:24","modified_gmt":"2021-05-06T12:05:24","slug":"accueil","status":"publish","type":"page","link":"https:\/\/www.jemma-design.fr\/flush\/","title":{"rendered":"Accueil"},"content":{"rendered":"\t\t<div data-elementor-type=\"wp-page\" data-elementor-id=\"274\" class=\"elementor elementor-274\">\n\t\t\t\t\t\t\t\t\t<section class=\"elementor-section elementor-top-section elementor-element elementor-element-218edde elementor-section-full_width elementor-section-stretched elementor-section-height-default elementor-section-height-default\" data-id=\"218edde\" data-element_type=\"section\" data-settings=\"{&quot;stretch_section&quot;:&quot;section-stretched&quot;,&quot;background_background&quot;:&quot;classic&quot;}\">\n\t\t\t\t\t\t<div class=\"elementor-container elementor-column-gap-no\">\n\t\t\t\t\t<div class=\"elementor-column elementor-col-100 elementor-top-column elementor-element elementor-element-45a114b\" data-id=\"45a114b\" data-element_type=\"column\">\n\t\t\t<div class=\"elementor-widget-wrap elementor-element-populated\">\n\t\t\t\t\t\t\t\t<div class=\"elementor-element elementor-element-84a6cc4 elementor-widget elementor-widget-image\" data-id=\"84a6cc4\" data-element_type=\"widget\" data-widget_type=\"image.default\">\n\t\t\t\t<div class=\"elementor-widget-container\">\n\t\t\t\t\t\t\t\t\t\t\t\t\t\t\t<img decoding=\"async\" src=\"https:\/\/www.jemma-design.fr\/flush\/wp-content\/uploads\/elementor\/thumbs\/miroir-cosmetics-1-p6boaybwst09jq8sgr2ttiq3kes7ncn75rnanxo0vk.png\" title=\"miroir-cosmetics\" alt=\"miroir-cosmetics\" loading=\"lazy\" \/>\t\t\t\t\t\t\t\t\t\t\t\t\t\t\t<\/div>\n\t\t\t\t<\/div>\n\t\t\t\t\t<\/div>\n\t\t<\/div>\n\t\t\t\t\t\t\t<\/div>\n\t\t<\/section>\n\t\t\t\t<section class=\"elementor-section elementor-top-section elementor-element elementor-element-f52151c elementor-section-boxed elementor-section-height-default elementor-section-height-default\" data-id=\"f52151c\" data-element_type=\"section\" data-settings=\"{&quot;background_background&quot;:&quot;classic&quot;}\">\n\t\t\t\t\t\t<div class=\"elementor-container elementor-column-gap-default\">\n\t\t\t\t\t<div class=\"elementor-column elementor-col-100 elementor-top-column elementor-element elementor-element-01cba1b\" data-id=\"01cba1b\" data-element_type=\"column\">\n\t\t\t<div class=\"elementor-widget-wrap elementor-element-populated\">\n\t\t\t\t\t\t\t\t<div class=\"elementor-element elementor-element-f8f1acb elementor-widget elementor-widget-image\" data-id=\"f8f1acb\" data-element_type=\"widget\" data-widget_type=\"image.default\">\n\t\t\t\t<div class=\"elementor-widget-container\">\n\t\t\t\t\t\t\t\t\t\t\t\t\t\t\t<img decoding=\"async\" width=\"300\" height=\"300\" src=\"https:\/\/www.jemma-design.fr\/flush\/wp-content\/uploads\/2021\/04\/logo-sans-fond.svg\" class=\"attachment-medium size-medium wp-image-405\" alt=\"\" loading=\"lazy\" \/>\t\t\t\t\t\t\t\t\t\t\t\t\t\t\t<\/div>\n\t\t\t\t<\/div>\n\t\t\t\t<div class=\"elementor-element elementor-element-cffe127 elementor-widget elementor-widget-heading\" data-id=\"cffe127\" data-element_type=\"widget\" data-widget_type=\"heading.default\">\n\t\t\t\t<div class=\"elementor-widget-container\">\n\t\t\t<h2 class=\"elementor-heading-title elementor-size-default\">D\u00e9couvrez le pouvoir des plantes qui vous correspond<\/h2>\t\t<\/div>\n\t\t\t\t<\/div>\n\t\t\t\t<div class=\"elementor-element elementor-element-9f1b02a elementor-widget elementor-widget-text-editor\" data-id=\"9f1b02a\" data-element_type=\"widget\" data-widget_type=\"text-editor.default\">\n\t\t\t\t<div class=\"elementor-widget-container\">\n\t\t\t\t\t\t\t<p>Retrouvez l&#8217;harmonie de votre corps. Nous vous proposons une gamme de produits\u00a0 qui s&#8217;appuient sur 3 fondamentaux : ingr\u00e9dients biologiques, innovation et durabilit\u00e9.<\/p>\t\t\t\t\t\t<\/div>\n\t\t\t\t<\/div>\n\t\t\t\t\t<\/div>\n\t\t<\/div>\n\t\t\t\t\t\t\t<\/div>\n\t\t<\/section>\n\t\t\t\t<section class=\"elementor-section elementor-top-section elementor-element elementor-element-b7f14df elementor-section-boxed elementor-section-height-default elementor-section-height-default\" data-id=\"b7f14df\" data-element_type=\"section\" data-settings=\"{&quot;background_background&quot;:&quot;classic&quot;}\">\n\t\t\t\t\t\t<div class=\"elementor-container elementor-column-gap-default\">\n\t\t\t\t\t<div class=\"elementor-column elementor-col-100 elementor-top-column elementor-element elementor-element-39809af\" data-id=\"39809af\" data-element_type=\"column\">\n\t\t\t<div class=\"elementor-widget-wrap elementor-element-populated\">\n\t\t\t\t\t\t\t\t<div class=\"elementor-element elementor-element-e3e724d elementor-widget elementor-widget-heading\" data-id=\"e3e724d\" data-element_type=\"widget\" data-widget_type=\"heading.default\">\n\t\t\t\t<div class=\"elementor-widget-container\">\n\t\t\t<h2 class=\"elementor-heading-title elementor-size-default\">Achats par Cat\u00e9gorie<\/h2>\t\t<\/div>\n\t\t\t\t<\/div>\n\t\t\t\t\t<\/div>\n\t\t<\/div>\n\t\t\t\t\t\t\t<\/div>\n\t\t<\/section>\n\t\t\t\t<section class=\"elementor-section elementor-top-section elementor-element elementor-element-21ec331 elementor-section-boxed elementor-section-height-default elementor-section-height-default\" data-id=\"21ec331\" data-element_type=\"section\" data-settings=\"{&quot;background_background&quot;:&quot;classic&quot;}\">\n\t\t\t\t\t\t<div class=\"elementor-container elementor-column-gap-default\">\n\t\t\t\t\t<div class=\"elementor-column elementor-col-25 elementor-top-column elementor-element elementor-element-caab52b\" data-id=\"caab52b\" data-element_type=\"column\">\n\t\t\t<div class=\"elementor-widget-wrap elementor-element-populated\">\n\t\t\t\t\t\t\t\t<div class=\"elementor-element elementor-element-e96599d elementor-widget elementor-widget-image\" data-id=\"e96599d\" data-element_type=\"widget\" data-widget_type=\"image.default\">\n\t\t\t\t<div class=\"elementor-widget-container\">\n\t\t\t\t\t\t\t\t\t\t\t\t\t\t\t<img decoding=\"async\" width=\"243\" height=\"300\" src=\"https:\/\/www.jemma-design.fr\/flush\/wp-content\/uploads\/2021\/04\/maquillage-243x300.jpg\" class=\"attachment-medium size-medium wp-image-345\" alt=\"\" loading=\"lazy\" srcset=\"https:\/\/www.jemma-design.fr\/flush\/wp-content\/uploads\/2021\/04\/maquillage-243x300.jpg 243w, https:\/\/www.jemma-design.fr\/flush\/wp-content\/uploads\/2021\/04\/maquillage-284x350.jpg 284w, https:\/\/www.jemma-design.fr\/flush\/wp-content\/uploads\/2021\/04\/maquillage.jpg 405w\" sizes=\"(max-width: 243px) 100vw, 243px\" \/>\t\t\t\t\t\t\t\t\t\t\t\t\t\t\t<\/div>\n\t\t\t\t<\/div>\n\t\t\t\t<div class=\"elementor-element elementor-element-4dae8dc elementor-widget elementor-widget-button\" data-id=\"4dae8dc\" data-element_type=\"widget\" data-widget_type=\"button.default\">\n\t\t\t\t<div class=\"elementor-widget-container\">\n\t\t\t\t\t<div class=\"elementor-button-wrapper\">\n\t\t\t<a href=\"https:\/\/www.jemma-design.fr\/flush\/categorie-produit\/maquillage\/\" class=\"elementor-button-link elementor-button elementor-size-sm\" role=\"button\">\n\t\t\t\t\t\t<span class=\"elementor-button-content-wrapper\">\n\t\t\t\t\t\t<span class=\"elementor-button-text\">Maquillage<\/span>\n\t\t<\/span>\n\t\t\t\t\t<\/a>\n\t\t<\/div>\n\t\t\t\t<\/div>\n\t\t\t\t<\/div>\n\t\t\t\t\t<\/div>\n\t\t<\/div>\n\t\t\t\t<div class=\"elementor-column elementor-col-25 elementor-top-column elementor-element elementor-element-ca0654a\" data-id=\"ca0654a\" data-element_type=\"column\">\n\t\t\t<div class=\"elementor-widget-wrap elementor-element-populated\">\n\t\t\t\t\t\t\t\t<div class=\"elementor-element elementor-element-3bc91ed elementor-widget elementor-widget-image\" data-id=\"3bc91ed\" data-element_type=\"widget\" data-widget_type=\"image.default\">\n\t\t\t\t<div class=\"elementor-widget-container\">\n\t\t\t\t\t\t\t\t\t\t\t\t\t\t\t<img decoding=\"async\" width=\"243\" height=\"300\" src=\"https:\/\/www.jemma-design.fr\/flush\/wp-content\/uploads\/2021\/04\/soin-visage-243x300.jpg\" class=\"attachment-medium size-medium wp-image-436\" alt=\"\" loading=\"lazy\" srcset=\"https:\/\/www.jemma-design.fr\/flush\/wp-content\/uploads\/2021\/04\/soin-visage-243x300.jpg 243w, https:\/\/www.jemma-design.fr\/flush\/wp-content\/uploads\/2021\/04\/soin-visage-284x350.jpg 284w, https:\/\/www.jemma-design.fr\/flush\/wp-content\/uploads\/2021\/04\/soin-visage.jpg 405w\" sizes=\"(max-width: 243px) 100vw, 243px\" \/>\t\t\t\t\t\t\t\t\t\t\t\t\t\t\t<\/div>\n\t\t\t\t<\/div>\n\t\t\t\t<div class=\"elementor-element elementor-element-529e2b5 elementor-widget elementor-widget-button\" data-id=\"529e2b5\" data-element_type=\"widget\" data-widget_type=\"button.default\">\n\t\t\t\t<div class=\"elementor-widget-container\">\n\t\t\t\t\t<div class=\"elementor-button-wrapper\">\n\t\t\t<a href=\"https:\/\/www.jemma-design.fr\/flush\/categorie-produit\/soin-visage\/\" class=\"elementor-button-link elementor-button elementor-size-sm\" role=\"button\">\n\t\t\t\t\t\t<span class=\"elementor-button-content-wrapper\">\n\t\t\t\t\t\t<span class=\"elementor-button-text\">Soin Visage<\/span>\n\t\t<\/span>\n\t\t\t\t\t<\/a>\n\t\t<\/div>\n\t\t\t\t<\/div>\n\t\t\t\t<\/div>\n\t\t\t\t\t<\/div>\n\t\t<\/div>\n\t\t\t\t<div class=\"elementor-column elementor-col-25 elementor-top-column elementor-element elementor-element-b3f2051\" data-id=\"b3f2051\" data-element_type=\"column\">\n\t\t\t<div class=\"elementor-widget-wrap elementor-element-populated\">\n\t\t\t\t\t\t\t\t<div class=\"elementor-element elementor-element-e519600 elementor-widget elementor-widget-image\" data-id=\"e519600\" data-element_type=\"widget\" data-widget_type=\"image.default\">\n\t\t\t\t<div class=\"elementor-widget-container\">\n\t\t\t\t\t\t\t\t\t\t\t\t\t\t\t<img decoding=\"async\" width=\"243\" height=\"300\" src=\"https:\/\/www.jemma-design.fr\/flush\/wp-content\/uploads\/2021\/04\/soin-corps-243x300.jpg\" class=\"attachment-medium size-medium wp-image-347\" alt=\"\" loading=\"lazy\" srcset=\"https:\/\/www.jemma-design.fr\/flush\/wp-content\/uploads\/2021\/04\/soin-corps-243x300.jpg 243w, https:\/\/www.jemma-design.fr\/flush\/wp-content\/uploads\/2021\/04\/soin-corps-284x350.jpg 284w, https:\/\/www.jemma-design.fr\/flush\/wp-content\/uploads\/2021\/04\/soin-corps.jpg 405w\" sizes=\"(max-width: 243px) 100vw, 243px\" \/>\t\t\t\t\t\t\t\t\t\t\t\t\t\t\t<\/div>\n\t\t\t\t<\/div>\n\t\t\t\t<div class=\"elementor-element elementor-element-ce51377 elementor-widget elementor-widget-button\" data-id=\"ce51377\" data-element_type=\"widget\" data-widget_type=\"button.default\">\n\t\t\t\t<div class=\"elementor-widget-container\">\n\t\t\t\t\t<div class=\"elementor-button-wrapper\">\n\t\t\t<a href=\"https:\/\/www.jemma-design.fr\/flush\/categorie-produit\/soin-corporel\/\" class=\"elementor-button-link elementor-button elementor-size-sm\" role=\"button\">\n\t\t\t\t\t\t<span class=\"elementor-button-content-wrapper\">\n\t\t\t\t\t\t<span class=\"elementor-button-text\">Soin Corporel<\/span>\n\t\t<\/span>\n\t\t\t\t\t<\/a>\n\t\t<\/div>\n\t\t\t\t<\/div>\n\t\t\t\t<\/div>\n\t\t\t\t\t<\/div>\n\t\t<\/div>\n\t\t\t\t<div class=\"elementor-column elementor-col-25 elementor-top-column elementor-element elementor-element-0de8ca9\" data-id=\"0de8ca9\" data-element_type=\"column\">\n\t\t\t<div class=\"elementor-widget-wrap elementor-element-populated\">\n\t\t\t\t\t\t\t\t<div class=\"elementor-element elementor-element-4c447e8 elementor-widget elementor-widget-image\" data-id=\"4c447e8\" data-element_type=\"widget\" data-widget_type=\"image.default\">\n\t\t\t\t<div class=\"elementor-widget-container\">\n\t\t\t\t\t\t\t\t\t\t\t\t\t\t\t<img decoding=\"async\" width=\"240\" height=\"300\" src=\"https:\/\/www.jemma-design.fr\/flush\/wp-content\/uploads\/2021\/04\/soin-cheveux-240x300.jpg\" class=\"attachment-medium size-medium wp-image-346\" alt=\"\" loading=\"lazy\" srcset=\"https:\/\/www.jemma-design.fr\/flush\/wp-content\/uploads\/2021\/04\/soin-cheveux-240x300.jpg 240w, https:\/\/www.jemma-design.fr\/flush\/wp-content\/uploads\/2021\/04\/soin-cheveux-280x350.jpg 280w, https:\/\/www.jemma-design.fr\/flush\/wp-content\/uploads\/2021\/04\/soin-cheveux.jpg 400w\" sizes=\"(max-width: 240px) 100vw, 240px\" \/>\t\t\t\t\t\t\t\t\t\t\t\t\t\t\t<\/div>\n\t\t\t\t<\/div>\n\t\t\t\t<div class=\"elementor-element elementor-element-2fe4c29 elementor-widget elementor-widget-button\" data-id=\"2fe4c29\" data-element_type=\"widget\" data-widget_type=\"button.default\">\n\t\t\t\t<div class=\"elementor-widget-container\">\n\t\t\t\t\t<div class=\"elementor-button-wrapper\">\n\t\t\t<a href=\"https:\/\/www.jemma-design.fr\/flush\/categorie-produit\/soin-capillaire\/\" class=\"elementor-button-link elementor-button elementor-size-sm\" role=\"button\">\n\t\t\t\t\t\t<span class=\"elementor-button-content-wrapper\">\n\t\t\t\t\t\t<span class=\"elementor-button-text\">Soin Capillaire<\/span>\n\t\t<\/span>\n\t\t\t\t\t<\/a>\n\t\t<\/div>\n\t\t\t\t<\/div>\n\t\t\t\t<\/div>\n\t\t\t\t\t<\/div>\n\t\t<\/div>\n\t\t\t\t\t\t\t<\/div>\n\t\t<\/section>\n\t\t\t\t\t\t\t<\/div>\n\t\t","protected":false},"excerpt":{"rendered":"<p>D\u00e9couvrez le pouvoir des plantes qui vous correspond Retrouvez l&#8217;harmonie de votre corps. Nous vous proposons une gamme de produits\u00a0 qui s&#8217;appuient sur 3 fondamentaux : ingr\u00e9dients biologiques, innovation et durabilit\u00e9. Achats par Cat\u00e9gorie Maquillage Soin Visage Soin Corporel Soin Capillaire<\/p>\n","protected":false},"author":1,"featured_media":341,"parent":0,"menu_order":0,"comment_status":"closed","ping_status":"closed","template":"","meta":{"inline_featured_image":false},"yoast_head":"<!-- This site is optimized with the Yoast SEO plugin v20.4 - https:\/\/yoast.com\/wordpress\/plugins\/seo\/ -->\n<title>Accueil - Flush<\/title>\n<meta name=\"robots\" content=\"index, follow, max-snippet:-1, max-image-preview:large, max-video-preview:-1\" \/>\n<link rel=\"canonical\" href=\"https:\/\/www.jemma-design.fr\/flush\/\" \/>\n<meta property=\"og:locale\" content=\"fr_FR\" \/>\n<meta property=\"og:type\" content=\"article\" \/>\n<meta property=\"og:title\" content=\"Accueil - Flush\" \/>\n<meta property=\"og:description\" content=\"D\u00e9couvrez le pouvoir des plantes qui vous correspond Retrouvez l&#8217;harmonie de votre corps. Nous vous proposons une gamme de produits\u00a0 qui s&#8217;appuient sur 3 fondamentaux : ingr\u00e9dients biologiques, innovation et durabilit\u00e9. Achats par Cat\u00e9gorie Maquillage Soin Visage Soin Corporel Soin Capillaire\" \/>\n<meta property=\"og:url\" content=\"https:\/\/www.jemma-design.fr\/flush\/\" \/>\n<meta property=\"og:site_name\" content=\"Flush\" \/>\n<meta property=\"article:modified_time\" content=\"2021-05-06T12:05:24+00:00\" \/>\n<meta property=\"og:image\" content=\"https:\/\/www.jemma-design.fr\/flush\/wp-content\/uploads\/2021\/04\/miroir-cosmetics-683x1024.png\" \/>\n\t<meta property=\"og:image:width\" content=\"683\" \/>\n\t<meta property=\"og:image:height\" content=\"1024\" \/>\n\t<meta property=\"og:image:type\" content=\"image\/png\" \/>\n<meta name=\"twitter:card\" content=\"summary_large_image\" \/>\n<meta name=\"twitter:label1\" content=\"Dur\u00e9e de lecture estim\u00e9e\" \/>\n\t<meta name=\"twitter:data1\" content=\"2 minutes\" \/>\n<script type=\"application\/ld+json\" class=\"yoast-schema-graph\">{\"@context\":\"https:\/\/schema.org\",\"@graph\":[{\"@type\":\"WebPage\",\"@id\":\"https:\/\/www.jemma-design.fr\/flush\/\",\"url\":\"https:\/\/www.jemma-design.fr\/flush\/\",\"name\":\"Accueil - Flush\",\"isPartOf\":{\"@id\":\"https:\/\/www.jemma-design.fr\/flush\/#website\"},\"datePublished\":\"2021-04-26T09:33:17+00:00\",\"dateModified\":\"2021-05-06T12:05:24+00:00\",\"breadcrumb\":{\"@id\":\"https:\/\/www.jemma-design.fr\/flush\/#breadcrumb\"},\"inLanguage\":\"fr-FR\",\"potentialAction\":[{\"@type\":\"ReadAction\",\"target\":[\"https:\/\/www.jemma-design.fr\/flush\/\"]}]},{\"@type\":\"BreadcrumbList\",\"@id\":\"https:\/\/www.jemma-design.fr\/flush\/#breadcrumb\",\"itemListElement\":[{\"@type\":\"ListItem\",\"position\":1,\"name\":\"Accueil\",\"item\":\"https:\/\/www.jemma-design.fr\/flush\/\"},{\"@type\":\"ListItem\",\"position\":2,\"name\":\"Accueil\"}]},{\"@type\":\"WebSite\",\"@id\":\"https:\/\/www.jemma-design.fr\/flush\/#website\",\"url\":\"https:\/\/www.jemma-design.fr\/flush\/\",\"name\":\"Flush\",\"description\":\"Un site utilisant WordPress\",\"publisher\":{\"@id\":\"https:\/\/www.jemma-design.fr\/flush\/#organization\"},\"potentialAction\":[{\"@type\":\"SearchAction\",\"target\":{\"@type\":\"EntryPoint\",\"urlTemplate\":\"https:\/\/www.jemma-design.fr\/flush\/?s={search_term_string}\"},\"query-input\":\"required name=search_term_string\"}],\"inLanguage\":\"fr-FR\"},{\"@type\":\"Organization\",\"@id\":\"https:\/\/www.jemma-design.fr\/flush\/#organization\",\"name\":\"Flush\",\"url\":\"https:\/\/www.jemma-design.fr\/flush\/\",\"logo\":{\"@type\":\"ImageObject\",\"inLanguage\":\"fr-FR\",\"@id\":\"https:\/\/www.jemma-design.fr\/flush\/#\/schema\/logo\/image\/\",\"url\":\"https:\/\/www.jemma-design.fr\/flush\/wp-content\/uploads\/2021\/04\/flush-courrone.svg\",\"contentUrl\":\"https:\/\/www.jemma-design.fr\/flush\/wp-content\/uploads\/2021\/04\/flush-courrone.svg\",\"caption\":\"Flush\"},\"image\":{\"@id\":\"https:\/\/www.jemma-design.fr\/flush\/#\/schema\/logo\/image\/\"}}]}<\/script>\n<!-- \/ Yoast SEO plugin. -->","yoast_head_json":{"title":"Accueil - Flush","robots":{"index":"index","follow":"follow","max-snippet":"max-snippet:-1","max-image-preview":"max-image-preview:large","max-video-preview":"max-video-preview:-1"},"canonical":"https:\/\/www.jemma-design.fr\/flush\/","og_locale":"fr_FR","og_type":"article","og_title":"Accueil - Flush","og_description":"D\u00e9couvrez le pouvoir des plantes qui vous correspond Retrouvez l&#8217;harmonie de votre corps. Nous vous proposons une gamme de produits\u00a0 qui s&#8217;appuient sur 3 fondamentaux : ingr\u00e9dients biologiques, innovation et durabilit\u00e9. Achats par Cat\u00e9gorie Maquillage Soin Visage Soin Corporel Soin Capillaire","og_url":"https:\/\/www.jemma-design.fr\/flush\/","og_site_name":"Flush","article_modified_time":"2021-05-06T12:05:24+00:00","og_image":[{"width":683,"height":1024,"url":"https:\/\/www.jemma-design.fr\/flush\/wp-content\/uploads\/2021\/04\/miroir-cosmetics-683x1024.png","type":"image\/png"}],"twitter_card":"summary_large_image","twitter_misc":{"Dur\u00e9e de lecture estim\u00e9e":"2 minutes"},"schema":{"@context":"https:\/\/schema.org","@graph":[{"@type":"WebPage","@id":"https:\/\/www.jemma-design.fr\/flush\/","url":"https:\/\/www.jemma-design.fr\/flush\/","name":"Accueil - Flush","isPartOf":{"@id":"https:\/\/www.jemma-design.fr\/flush\/#website"},"datePublished":"2021-04-26T09:33:17+00:00","dateModified":"2021-05-06T12:05:24+00:00","breadcrumb":{"@id":"https:\/\/www.jemma-design.fr\/flush\/#breadcrumb"},"inLanguage":"fr-FR","potentialAction":[{"@type":"ReadAction","target":["https:\/\/www.jemma-design.fr\/flush\/"]}]},{"@type":"BreadcrumbList","@id":"https:\/\/www.jemma-design.fr\/flush\/#breadcrumb","itemListElement":[{"@type":"ListItem","position":1,"name":"Accueil","item":"https:\/\/www.jemma-design.fr\/flush\/"},{"@type":"ListItem","position":2,"name":"Accueil"}]},{"@type":"WebSite","@id":"https:\/\/www.jemma-design.fr\/flush\/#website","url":"https:\/\/www.jemma-design.fr\/flush\/","name":"Flush","description":"Un site utilisant WordPress","publisher":{"@id":"https:\/\/www.jemma-design.fr\/flush\/#organization"},"potentialAction":[{"@type":"SearchAction","target":{"@type":"EntryPoint","urlTemplate":"https:\/\/www.jemma-design.fr\/flush\/?s={search_term_string}"},"query-input":"required name=search_term_string"}],"inLanguage":"fr-FR"},{"@type":"Organization","@id":"https:\/\/www.jemma-design.fr\/flush\/#organization","name":"Flush","url":"https:\/\/www.jemma-design.fr\/flush\/","logo":{"@type":"ImageObject","inLanguage":"fr-FR","@id":"https:\/\/www.jemma-design.fr\/flush\/#\/schema\/logo\/image\/","url":"https:\/\/www.jemma-design.fr\/flush\/wp-content\/uploads\/2021\/04\/flush-courrone.svg","contentUrl":"https:\/\/www.jemma-design.fr\/flush\/wp-content\/uploads\/2021\/04\/flush-courrone.svg","caption":"Flush"},"image":{"@id":"https:\/\/www.jemma-design.fr\/flush\/#\/schema\/logo\/image\/"}}]}},"_links":{"self":[{"href":"https:\/\/www.jemma-design.fr\/flush\/wp-json\/wp\/v2\/pages\/274"}],"collection":[{"href":"https:\/\/www.jemma-design.fr\/flush\/wp-json\/wp\/v2\/pages"}],"about":[{"href":"https:\/\/www.jemma-design.fr\/flush\/wp-json\/wp\/v2\/types\/page"}],"author":[{"embeddable":true,"href":"https:\/\/www.jemma-design.fr\/flush\/wp-json\/wp\/v2\/users\/1"}],"replies":[{"embeddable":true,"href":"https:\/\/www.jemma-design.fr\/flush\/wp-json\/wp\/v2\/comments?post=274"}],"version-history":[{"count":91,"href":"https:\/\/www.jemma-design.fr\/flush\/wp-json\/wp\/v2\/pages\/274\/revisions"}],"predecessor-version":[{"id":580,"href":"https:\/\/www.jemma-design.fr\/flush\/wp-json\/wp\/v2\/pages\/274\/revisions\/580"}],"wp:featuredmedia":[{"embeddable":true,"href":"https:\/\/www.jemma-design.fr\/flush\/wp-json\/wp\/v2\/media\/341"}],"wp:attachment":[{"href":"https:\/\/www.jemma-design.fr\/flush\/wp-json\/wp\/v2\/media?parent=274"}],"curies":[{"name":"wp","href":"https:\/\/api.w.org\/{rel}","templated":true}]}}