{"id":248,"date":"2021-04-22T15:39:13","date_gmt":"2021-04-22T13:39:13","guid":{"rendered":"https:\/\/www.jemma-design.fr\/flush\/?page_id=248"},"modified":"2021-04-22T15:52:48","modified_gmt":"2021-04-22T13:52:48","slug":"conditions-generales-de-flush-cosmetics","status":"publish","type":"page","link":"https:\/\/www.jemma-design.fr\/flush\/conditions-generales-de-flush-cosmetics\/","title":{"rendered":"Conditions G\u00e9n\u00e9rales de Flush Cosmetics"},"content":{"rendered":"\t\t<div data-elementor-type=\"wp-page\" data-elementor-id=\"248\" class=\"elementor elementor-248\">\n\t\t\t\t\t\t\t\t\t<section class=\"elementor-section elementor-top-section elementor-element elementor-element-cc98745 elementor-section-boxed elementor-section-height-default elementor-section-height-default\" data-id=\"cc98745\" data-element_type=\"section\">\n\t\t\t\t\t\t<div class=\"elementor-container elementor-column-gap-default\">\n\t\t\t\t\t<div class=\"elementor-column elementor-col-100 elementor-top-column elementor-element elementor-element-e929422\" data-id=\"e929422\" data-element_type=\"column\">\n\t\t\t<div class=\"elementor-widget-wrap elementor-element-populated\">\n\t\t\t\t\t\t\t\t<div class=\"elementor-element elementor-element-09e67c5 elementor-widget elementor-widget-heading\" data-id=\"09e67c5\" data-element_type=\"widget\" data-widget_type=\"heading.default\">\n\t\t\t\t<div class=\"elementor-widget-container\">\n\t\t\t<h2 class=\"elementor-heading-title elementor-size-default\">1. ACCORD G\u00c9N\u00c9RAL<\/h2>\t\t<\/div>\n\t\t\t\t<\/div>\n\t\t\t\t<div class=\"elementor-element elementor-element-944d2ee elementor-widget elementor-widget-text-editor\" data-id=\"944d2ee\" data-element_type=\"widget\" data-widget_type=\"text-editor.default\">\n\t\t\t\t<div class=\"elementor-widget-container\">\n\t\t\t\t\t\t\t<p>&#8220;FLUSH Cosmetics\u201d , N\u00b0 d&#8217;enregistrement 00000000000, situ\u00e9 \u00e0 Rue fictive, 62660, Haut de France \u2013 Flush, assure le contenu disponible sur le site www.flushcometics.fr, ci-apr\u00e8s d\u00e9sign\u00e9 \u2013 Site Web, et fournit des services conform\u00e9ment aux pr\u00e9sentes Conditions G\u00e9n\u00e9rales, la politique de livraison, la politique de renvoi et d&#8217;autres conditions g\u00e9n\u00e9rales, ainsi que la politique op\u00e9rationnelle, dont la description est affich\u00e9e sur le Site en mati\u00e8re de certaines fonctionnalit\u00e9s, caract\u00e9ristiques, promotions et le service client, tous consid\u00e9r\u00e9s comme faisant partie des pr\u00e9sentes conditions g\u00e9n\u00e9rales (ci-apr\u00e8s d\u00e9nomm\u00e9s collectivement &#8220;les Conditions G\u00e9n\u00e9rales&#8221;). En vous authentifiant dans la section du Site &#8220;FLUSH&#8221;, vous reconnaissez d&#8217;avoir lu , compris et accept\u00e9, sans limitation ni r\u00e9serve, de se conformer \u00e0 ces Conditions G\u00e9n\u00e9rales.<\/p><p>Lorsque le consommateur ach\u00e8te via Internet des produits cosm\u00e9tiques propos\u00e9s en vente sur le Site FLUSH, ci-apr\u00e8s d\u00e9nomm\u00e9es &#8220;Marchandises&#8221;, un tel accord mutuel est consid\u00e9r\u00e9 comme un Accord \u00e0 distance et est soumis aux dispositions de la loi de la R\u00e9publique de Lettonie r\u00e9gissant les accords \u00e0 distance, y compris, mais sans s&#8217;y limiter, la &#8220;Loi sur la protection des consommateurs&#8221; de la France.<\/p><p>Si le client qui a command\u00e9 ou achet\u00e9 des biens sur le Site n&#8217;a pas la capacit\u00e9 juridique n\u00e9cessaire ou la capacit\u00e9 d&#8217;agir, le repr\u00e9sentant l\u00e9gal de cette personne (par exemple, parents, tuteurs) sera responsable de la commande et du paiement des produits. Dans la situation pr\u00e9c\u00e9dente, la commande est irr\u00e9vocable, de m\u00eame que le montant pay\u00e9 n&#8217;est pas remboursable.<\/p><p>L&#8217;Accord \u00e0 distance d&#8217;achat de Marchandises sera consid\u00e9r\u00e9 comme conclu \u00e0 partir du moment du paiement de l&#8217;achat des Marchandises.<\/p>\t\t\t\t\t\t<\/div>\n\t\t\t\t<\/div>\n\t\t\t\t<div class=\"elementor-element elementor-element-694d91e elementor-widget elementor-widget-heading\" data-id=\"694d91e\" data-element_type=\"widget\" data-widget_type=\"heading.default\">\n\t\t\t\t<div class=\"elementor-widget-container\">\n\t\t\t<h2 class=\"elementor-heading-title elementor-size-default\">2. CONFIDENTIALIT\u00c9<\/h2>\t\t<\/div>\n\t\t\t\t<\/div>\n\t\t\t\t<div class=\"elementor-element elementor-element-df54784 elementor-widget elementor-widget-text-editor\" data-id=\"df54784\" data-element_type=\"widget\" data-widget_type=\"text-editor.default\">\n\t\t\t\t<div class=\"elementor-widget-container\">\n\t\t\t\t\t\t\t<p>FLUSH prot\u00e8ge les droits et libert\u00e9s fondamentaux des personnes physiques, notamment leur vie priv\u00e9e, en ce qui concerne le traitement des donn\u00e9es \u00e0 caract\u00e8re personnel conform\u00e9ment au r\u00e8glement UE 2016\/679 du Parlement europ\u00e9en et du Conseil du 27 avril 2016 relatif \u00e0 la protection des personnes physiques \u00e0 l&#8217;\u00e9gard du traitement des donn\u00e9es \u00e0 caract\u00e8re personnel et \u00e0 la libre circulation de ces donn\u00e9es, et abrogeant la directive 95\/46 \/ CE.<\/p><p>FLUSH traite vos donn\u00e9es personnelles par diff\u00e9rents moyens et elles sont utilis\u00e9es \u00e0 plusieurs fins, selon que vous \u00eates un utilisateur enregistr\u00e9 (voir le paragraphe 2.2), l&#8217;utilisateur non-enregistr\u00e9 (voir le paragraphe 2.3), avez autoris\u00e9 la r\u00e9ception de newsletter (voir paragraphe 2.4), ou achetez une carte-cadeau (voir le paragraphe 2.5).<\/p><p>Les informations concernant l&#8217;utilisation des cookies sont disponibles dans la <a href=\"https:\/\/www.jemma-design.fr\/flush\/politique-de-confidentialite\/\">Politique de confidentialit\u00e9<\/a>.<\/p><p>Flush n&#8217;utilisera pas ni ne partagera, sans motif l\u00e9gal, les renseignements qui nous sont fournis en ligne. Flush est soumise \u00e0 l&#8217;obligation de divulguer des renseignements personnels aux autorit\u00e9s gouvernementales et municipales dans les cas pr\u00e9vus par la loi. Nous serons contraints de divulguer des renseignements personnels des consommateurs lorsque la loi l&#8217;exige.<\/p><p>Flush peut traiter vos donn\u00e9es personnelles dans une mani\u00e8re de r\u00e9sum\u00e9e pour des besoins statistiques afin d&#8217;analyser et d&#8217;am\u00e9liorer les services fournis.<\/p><p>FLUSH prend toutes les mesures possibles afin d&#8217;assurer la s\u00e9curit\u00e9 de vos renseignements personnels dans le but de les prot\u00e9ger contre le vol, la perte, l&#8217;abus, ainsi que l&#8217;acc\u00e8s non autoris\u00e9, la divulgation, la modification et les dommages.<\/p>\t\t\t\t\t\t<\/div>\n\t\t\t\t<\/div>\n\t\t\t\t<div class=\"elementor-element elementor-element-8f342c7 elementor-widget elementor-widget-heading\" data-id=\"8f342c7\" data-element_type=\"widget\" data-widget_type=\"heading.default\">\n\t\t\t\t<div class=\"elementor-widget-container\">\n\t\t\t<h2 class=\"elementor-heading-title elementor-size-default\">2.1. DROITS G\u00c9N\u00c9RAUX<\/h2>\t\t<\/div>\n\t\t\t\t<\/div>\n\t\t\t\t<div class=\"elementor-element elementor-element-b8df97d elementor-widget elementor-widget-text-editor\" data-id=\"b8df97d\" data-element_type=\"widget\" data-widget_type=\"text-editor.default\">\n\t\t\t\t<div class=\"elementor-widget-container\">\n\t\t\t\t\t\t\t<p>Conform\u00e9ment \u00e0 la l\u00e9gislation en vigueur vous disposez des droits suivants :<\/p><p>&#8211; demander l&#8217;acc\u00e8s \u00e0 vos donn\u00e9es personnelles ;<br \/>&#8211; demander la rectification ou l&#8217;effacement de vos donn\u00e9es personnelles dans toute la mesure du possible ; <br \/>&#8211; demander de restreindre ou de vous opposer au traitement de vos donn\u00e9es personnelles ;<br \/>&#8211; demander le transfert de vos donn\u00e9es personnelles (la portabilit\u00e9 dans toute la mesure du possible ; <br \/>&#8211; de retirer \u00e0 tout moment votre accord sur le traitement de vos donn\u00e9es ; <br \/>&#8211; de porter plainte aupr\u00e8s de l&#8217;autorit\u00e9 nationale comp\u00e9tente en mati\u00e8re de protection des donn\u00e9es ;<br \/>&#8211; de contacter FLUSH afin d&#8217;obtenir des informations suppl\u00e9mentaires sur le traitement de vos donn\u00e9es personnelles.<\/p><p><strong>Informations de contact:<\/strong><br \/>FLUSH<br \/>Rue fictive, 62660, Haut de France,<\/p><p>t\u00e9l.: +00 00 00 00 00, courriel: support@flushcosmetics.com.<\/p>\t\t\t\t\t\t<\/div>\n\t\t\t\t<\/div>\n\t\t\t\t<div class=\"elementor-element elementor-element-e6dd79a elementor-widget elementor-widget-heading\" data-id=\"e6dd79a\" data-element_type=\"widget\" data-widget_type=\"heading.default\">\n\t\t\t\t<div class=\"elementor-widget-container\">\n\t\t\t<h2 class=\"elementor-heading-title elementor-size-default\">2.2. UTILISATEUR ENREGISTR\u00c9<\/h2>\t\t<\/div>\n\t\t\t\t<\/div>\n\t\t\t\t<div class=\"elementor-element elementor-element-0e1d0ea elementor-widget elementor-widget-heading\" data-id=\"0e1d0ea\" data-element_type=\"widget\" data-widget_type=\"heading.default\">\n\t\t\t\t<div class=\"elementor-widget-container\">\n\t\t\t<h3 class=\"elementor-heading-title elementor-size-default\">2.2.1. CR\u00c9ER UN COMPTE<\/h3>\t\t<\/div>\n\t\t\t\t<\/div>\n\t\t\t\t<div class=\"elementor-element elementor-element-90182cf elementor-widget elementor-widget-text-editor\" data-id=\"90182cf\" data-element_type=\"widget\" data-widget_type=\"text-editor.default\">\n\t\t\t\t<div class=\"elementor-widget-container\">\n\t\t\t\t\t\t\t<p>Lors de votre inscription sur le Site et cr\u00e9ation de votre propre compte client, ci-apr\u00e8s &#8211; Compte, vos donn\u00e9es personnelles sont utilis\u00e9es pour conclure un accord avec FLUSH sur la cr\u00e9ation et la maintenance du Compte utilis\u00e9 comme voie de communication pour conclure l&#8217;Accord \u00e0 distance.<\/p><p>En cr\u00e9ant votre compte, vous reconnaissez avoir \u00e9t\u00e9 inform\u00e9 que les donn\u00e9es que vous ins\u00e9rez sont trait\u00e9es pour cr\u00e9er et g\u00e9rer le Compte, notamment pour cr\u00e9er et conserver votre liste de souhaits et l&#8217;historique d&#8217;achat, ainsi que pour vous envoyer des informations relatives \u00e0 l&#8217;ex\u00e9cution de l&#8217;Accord \u00e0 distance, telles que les informations au sujet de l&#8217;ex\u00e9cution et les mises \u00e0 jour de la commande.<\/p><p>FLUSH doit recevoir et traiter vos donn\u00e9es personnelles afin de conclure l&#8217;Accord \u00e0 distance en utilisant le Compte en tant que la voie de communication. Si vous ne fournissez pas ces donn\u00e9es personnelles, vous ne pourrez pas cr\u00e9er le Compte et conclure l&#8217;Accord \u00e0 distance.<\/p><p>En plus, les informations contenues dans la liste de souhaits et l&#8217;historique d&#8217;achat sont utilis\u00e9es pour am\u00e9liorer les services et les offres de produits fournies par FLUSH conform\u00e9ment \u00e0 l&#8217;int\u00e9r\u00eat l\u00e9gitime de FLUSH de compiler les informations sur la qualit\u00e9 des services et produits propos\u00e9s.<\/p><p>Les informations contenues dans votre Compte regardant les Accords \u00e0 distance conclus (produits achet\u00e9s), y compris toutes les communications avec vous, sont conserv\u00e9es en tant qu&#8217;\u00e9l\u00e9ments de preuve de la conclusion et l&#8217;ex\u00e9cution de l&#8217;Accord \u00e0 distance. Cette information est stock\u00e9e par FLUSH conform\u00e9ment \u00e0 son int\u00e9r\u00eat l\u00e9gitime de prot\u00e9ger ses droits et int\u00e9r\u00eats en cas de litige et l&#8217;obligation impos\u00e9e par la loi de conserver des informations sur les activit\u00e9s commerciales r\u00e9alis\u00e9es.<\/p><p>Vos donn\u00e9es personnelles concernant la cr\u00e9ation et la maintenance du Compte et la conclusion et l&#8217;ex\u00e9cution de l&#8217;Accord \u00e0 distance sont trait\u00e9es uniquement par FLUSH et nos partenaires commerciaux, qui fournissent des services de livraison, des structures informatiques et des plates-formes de paiement. Une \u00e9tendue minimale des donn\u00e9es \u00e0 caract\u00e8re personnel est transf\u00e9r\u00e9 \u00e0 nos partenaires commerciaux selon le principe du besoin d&#8217;en conna\u00eetre.<\/p><p>Vos donn\u00e9es personnelles sont trait\u00e9es \u00e0 cette fin jusqu&#8217;\u00e0 ce que vous supprimiez votre Compte, ou jusqu&#8217;\u00e0 l&#8217;\u00e9ch\u00e9ance de la p\u00e9riode de stockage d\u00e9finie par les lois de la France, ou jusqu&#8217;\u00e0 l&#8217;expiration du statut des limitations pour introduire une action devant la juridiction, en fonction de ce qui est post\u00e9rieur.<\/p>\t\t\t\t\t\t<\/div>\n\t\t\t\t<\/div>\n\t\t\t\t<div class=\"elementor-element elementor-element-30a0955 elementor-widget elementor-widget-heading\" data-id=\"30a0955\" data-element_type=\"widget\" data-widget_type=\"heading.default\">\n\t\t\t\t<div class=\"elementor-widget-container\">\n\t\t\t<h3 class=\"elementor-heading-title elementor-size-default\">2.2.2. AVIS DES CLIENTS<\/h3>\t\t<\/div>\n\t\t\t\t<\/div>\n\t\t\t\t<div class=\"elementor-element elementor-element-42d953c elementor-widget elementor-widget-text-editor\" data-id=\"42d953c\" data-element_type=\"widget\" data-widget_type=\"text-editor.default\">\n\t\t\t\t<div class=\"elementor-widget-container\">\n\t\t\t\t\t\t\t<p>En laissant votre avis sur les Marchandises, vous acceptez que votre nom, l&#8217;\u00e9valuation des Marchandises et l&#8217;avis soient publi\u00e9s sur le Site. Si vous avez cr\u00e9\u00e9 votre compte en utilisant l&#8217;option d&#8217;enregistrement via Facebook, votre photo d&#8217;une taille r\u00e9duite appara\u00eetra ensemble avec le commentaire.<\/p><p>Les donn\u00e9es personnelles pr\u00e9c\u00e9dentes sont trait\u00e9es dans le but de publier votre avis sur le Site et d&#8217;am\u00e9liorer la qualit\u00e9 des services et produits fournis par FLUSH. Les avis sont supprim\u00e9s seulement si ce produit n&#8217;est plus disponible \u00e0 la vente.<\/p><p>Si n\u00e9cessaire, FLUSH peut vous contacter par t\u00e9l\u00e9phone ou par e-mail afin de r\u00e9soudre tout probl\u00e8me li\u00e9 au service ou au produit pour lequel vous avez laiss\u00e9 l&#8217;avis. Apr\u00e8s vous avoir contact\u00e9, FLUSH cessera d&#8217;utiliser votre num\u00e9ro de t\u00e9l\u00e9phone ou votre adresse e-mail concernant cet avis.<\/p><p>Vos donn\u00e9es personnelles sont trait\u00e9es \u00e0 cette fin par FLUSH et nos partenaires commerciaux, qui assurent fonctionnement des structures informatiques. Une \u00e9tendue minimale des donn\u00e9es \u00e0 caract\u00e8re personnel est transf\u00e9r\u00e9 \u00e0 nos partenaires commerciaux selon le principe du besoin d&#8217;en conna\u00eetre.<\/p>\t\t\t\t\t\t<\/div>\n\t\t\t\t<\/div>\n\t\t\t\t\t<\/div>\n\t\t<\/div>\n\t\t\t\t\t\t\t<\/div>\n\t\t<\/section>\n\t\t\t\t\t\t\t<\/div>\n\t\t","protected":false},"excerpt":{"rendered":"<p>1. ACCORD G\u00c9N\u00c9RAL &#8220;FLUSH Cosmetics\u201d , N\u00b0 d&#8217;enregistrement 00000000000, situ\u00e9 \u00e0 Rue fictive, 62660, Haut de France \u2013 Flush, assure le contenu disponible sur le site www.flushcometics.fr, ci-apr\u00e8s d\u00e9sign\u00e9 \u2013 Site Web, et fournit des services conform\u00e9ment aux pr\u00e9sentes Conditions G\u00e9n\u00e9rales, la politique de livraison, la politique de renvoi et [&hellip;]<\/p>\n","protected":false},"author":1,"featured_media":0,"parent":0,"menu_order":0,"comment_status":"closed","ping_status":"closed","template":"","meta":{"inline_featured_image":false},"yoast_head":"<!-- This site is optimized with the Yoast SEO plugin v20.4 - https:\/\/yoast.com\/wordpress\/plugins\/seo\/ -->\n<title>Conditions G\u00e9n\u00e9rales de Flush Cosmetics - Flush<\/title>\n<meta name=\"robots\" content=\"index, follow, max-snippet:-1, max-image-preview:large, max-video-preview:-1\" \/>\n<link rel=\"canonical\" href=\"https:\/\/www.jemma-design.fr\/flush\/conditions-generales-de-flush-cosmetics\/\" \/>\n<meta property=\"og:locale\" content=\"fr_FR\" \/>\n<meta property=\"og:type\" content=\"article\" \/>\n<meta property=\"og:title\" content=\"Conditions G\u00e9n\u00e9rales de Flush Cosmetics - Flush\" \/>\n<meta property=\"og:description\" content=\"1. ACCORD G\u00c9N\u00c9RAL &#8220;FLUSH Cosmetics\u201d , N\u00b0 d&#8217;enregistrement 00000000000, situ\u00e9 \u00e0 Rue fictive, 62660, Haut de France \u2013 Flush, assure le contenu disponible sur le site www.flushcometics.fr, ci-apr\u00e8s d\u00e9sign\u00e9 \u2013 Site Web, et fournit des services conform\u00e9ment aux pr\u00e9sentes Conditions G\u00e9n\u00e9rales, la politique de livraison, la politique de renvoi et [&hellip;]\" \/>\n<meta property=\"og:url\" content=\"https:\/\/www.jemma-design.fr\/flush\/conditions-generales-de-flush-cosmetics\/\" \/>\n<meta property=\"og:site_name\" content=\"Flush\" \/>\n<meta property=\"article:modified_time\" content=\"2021-04-22T13:52:48+00:00\" \/>\n<meta name=\"twitter:card\" content=\"summary_large_image\" \/>\n<meta name=\"twitter:label1\" content=\"Dur\u00e9e de lecture estim\u00e9e\" \/>\n\t<meta name=\"twitter:data1\" content=\"7 minutes\" \/>\n<script type=\"application\/ld+json\" class=\"yoast-schema-graph\">{\"@context\":\"https:\/\/schema.org\",\"@graph\":[{\"@type\":\"WebPage\",\"@id\":\"https:\/\/www.jemma-design.fr\/flush\/conditions-generales-de-flush-cosmetics\/\",\"url\":\"https:\/\/www.jemma-design.fr\/flush\/conditions-generales-de-flush-cosmetics\/\",\"name\":\"Conditions G\u00e9n\u00e9rales de Flush Cosmetics - Flush\",\"isPartOf\":{\"@id\":\"https:\/\/www.jemma-design.fr\/flush\/#website\"},\"datePublished\":\"2021-04-22T13:39:13+00:00\",\"dateModified\":\"2021-04-22T13:52:48+00:00\",\"breadcrumb\":{\"@id\":\"https:\/\/www.jemma-design.fr\/flush\/conditions-generales-de-flush-cosmetics\/#breadcrumb\"},\"inLanguage\":\"fr-FR\",\"potentialAction\":[{\"@type\":\"ReadAction\",\"target\":[\"https:\/\/www.jemma-design.fr\/flush\/conditions-generales-de-flush-cosmetics\/\"]}]},{\"@type\":\"BreadcrumbList\",\"@id\":\"https:\/\/www.jemma-design.fr\/flush\/conditions-generales-de-flush-cosmetics\/#breadcrumb\",\"itemListElement\":[{\"@type\":\"ListItem\",\"position\":1,\"name\":\"Accueil\",\"item\":\"https:\/\/www.jemma-design.fr\/flush\/\"},{\"@type\":\"ListItem\",\"position\":2,\"name\":\"Conditions G\u00e9n\u00e9rales de Flush Cosmetics\"}]},{\"@type\":\"WebSite\",\"@id\":\"https:\/\/www.jemma-design.fr\/flush\/#website\",\"url\":\"https:\/\/www.jemma-design.fr\/flush\/\",\"name\":\"Flush\",\"description\":\"Un site utilisant WordPress\",\"publisher\":{\"@id\":\"https:\/\/www.jemma-design.fr\/flush\/#organization\"},\"potentialAction\":[{\"@type\":\"SearchAction\",\"target\":{\"@type\":\"EntryPoint\",\"urlTemplate\":\"https:\/\/www.jemma-design.fr\/flush\/?s={search_term_string}\"},\"query-input\":\"required name=search_term_string\"}],\"inLanguage\":\"fr-FR\"},{\"@type\":\"Organization\",\"@id\":\"https:\/\/www.jemma-design.fr\/flush\/#organization\",\"name\":\"Flush\",\"url\":\"https:\/\/www.jemma-design.fr\/flush\/\",\"logo\":{\"@type\":\"ImageObject\",\"inLanguage\":\"fr-FR\",\"@id\":\"https:\/\/www.jemma-design.fr\/flush\/#\/schema\/logo\/image\/\",\"url\":\"https:\/\/www.jemma-design.fr\/flush\/wp-content\/uploads\/2021\/04\/flush-courrone.svg\",\"contentUrl\":\"https:\/\/www.jemma-design.fr\/flush\/wp-content\/uploads\/2021\/04\/flush-courrone.svg\",\"caption\":\"Flush\"},\"image\":{\"@id\":\"https:\/\/www.jemma-design.fr\/flush\/#\/schema\/logo\/image\/\"}}]}<\/script>\n<!-- \/ Yoast SEO plugin. -->","yoast_head_json":{"title":"Conditions G\u00e9n\u00e9rales de Flush Cosmetics - Flush","robots":{"index":"index","follow":"follow","max-snippet":"max-snippet:-1","max-image-preview":"max-image-preview:large","max-video-preview":"max-video-preview:-1"},"canonical":"https:\/\/www.jemma-design.fr\/flush\/conditions-generales-de-flush-cosmetics\/","og_locale":"fr_FR","og_type":"article","og_title":"Conditions G\u00e9n\u00e9rales de Flush Cosmetics - Flush","og_description":"1. ACCORD G\u00c9N\u00c9RAL &#8220;FLUSH Cosmetics\u201d , N\u00b0 d&#8217;enregistrement 00000000000, situ\u00e9 \u00e0 Rue fictive, 62660, Haut de France \u2013 Flush, assure le contenu disponible sur le site www.flushcometics.fr, ci-apr\u00e8s d\u00e9sign\u00e9 \u2013 Site Web, et fournit des services conform\u00e9ment aux pr\u00e9sentes Conditions G\u00e9n\u00e9rales, la politique de livraison, la politique de renvoi et [&hellip;]","og_url":"https:\/\/www.jemma-design.fr\/flush\/conditions-generales-de-flush-cosmetics\/","og_site_name":"Flush","article_modified_time":"2021-04-22T13:52:48+00:00","twitter_card":"summary_large_image","twitter_misc":{"Dur\u00e9e de lecture estim\u00e9e":"7 minutes"},"schema":{"@context":"https:\/\/schema.org","@graph":[{"@type":"WebPage","@id":"https:\/\/www.jemma-design.fr\/flush\/conditions-generales-de-flush-cosmetics\/","url":"https:\/\/www.jemma-design.fr\/flush\/conditions-generales-de-flush-cosmetics\/","name":"Conditions G\u00e9n\u00e9rales de Flush Cosmetics - Flush","isPartOf":{"@id":"https:\/\/www.jemma-design.fr\/flush\/#website"},"datePublished":"2021-04-22T13:39:13+00:00","dateModified":"2021-04-22T13:52:48+00:00","breadcrumb":{"@id":"https:\/\/www.jemma-design.fr\/flush\/conditions-generales-de-flush-cosmetics\/#breadcrumb"},"inLanguage":"fr-FR","potentialAction":[{"@type":"ReadAction","target":["https:\/\/www.jemma-design.fr\/flush\/conditions-generales-de-flush-cosmetics\/"]}]},{"@type":"BreadcrumbList","@id":"https:\/\/www.jemma-design.fr\/flush\/conditions-generales-de-flush-cosmetics\/#breadcrumb","itemListElement":[{"@type":"ListItem","position":1,"name":"Accueil","item":"https:\/\/www.jemma-design.fr\/flush\/"},{"@type":"ListItem","position":2,"name":"Conditions G\u00e9n\u00e9rales de Flush Cosmetics"}]},{"@type":"WebSite","@id":"https:\/\/www.jemma-design.fr\/flush\/#website","url":"https:\/\/www.jemma-design.fr\/flush\/","name":"Flush","description":"Un site utilisant WordPress","publisher":{"@id":"https:\/\/www.jemma-design.fr\/flush\/#organization"},"potentialAction":[{"@type":"SearchAction","target":{"@type":"EntryPoint","urlTemplate":"https:\/\/www.jemma-design.fr\/flush\/?s={search_term_string}"},"query-input":"required name=search_term_string"}],"inLanguage":"fr-FR"},{"@type":"Organization","@id":"https:\/\/www.jemma-design.fr\/flush\/#organization","name":"Flush","url":"https:\/\/www.jemma-design.fr\/flush\/","logo":{"@type":"ImageObject","inLanguage":"fr-FR","@id":"https:\/\/www.jemma-design.fr\/flush\/#\/schema\/logo\/image\/","url":"https:\/\/www.jemma-design.fr\/flush\/wp-content\/uploads\/2021\/04\/flush-courrone.svg","contentUrl":"https:\/\/www.jemma-design.fr\/flush\/wp-content\/uploads\/2021\/04\/flush-courrone.svg","caption":"Flush"},"image":{"@id":"https:\/\/www.jemma-design.fr\/flush\/#\/schema\/logo\/image\/"}}]}},"_links":{"self":[{"href":"https:\/\/www.jemma-design.fr\/flush\/wp-json\/wp\/v2\/pages\/248"}],"collection":[{"href":"https:\/\/www.jemma-design.fr\/flush\/wp-json\/wp\/v2\/pages"}],"about":[{"href":"https:\/\/www.jemma-design.fr\/flush\/wp-json\/wp\/v2\/types\/page"}],"author":[{"embeddable":true,"href":"https:\/\/www.jemma-design.fr\/flush\/wp-json\/wp\/v2\/users\/1"}],"replies":[{"embeddable":true,"href":"https:\/\/www.jemma-design.fr\/flush\/wp-json\/wp\/v2\/comments?post=248"}],"version-history":[{"count":4,"href":"https:\/\/www.jemma-design.fr\/flush\/wp-json\/wp\/v2\/pages\/248\/revisions"}],"predecessor-version":[{"id":253,"href":"https:\/\/www.jemma-design.fr\/flush\/wp-json\/wp\/v2\/pages\/248\/revisions\/253"}],"wp:attachment":[{"href":"https:\/\/www.jemma-design.fr\/flush\/wp-json\/wp\/v2\/media?parent=248"}],"curies":[{"name":"wp","href":"https:\/\/api.w.org\/{rel}","templated":true}]}}