{"id":230,"date":"2021-04-22T14:50:38","date_gmt":"2021-04-22T12:50:38","guid":{"rendered":"https:\/\/www.jemma-design.fr\/flush\/?page_id=230"},"modified":"2021-04-22T15:09:56","modified_gmt":"2021-04-22T13:09:56","slug":"livraison-et-renvois","status":"publish","type":"page","link":"https:\/\/www.jemma-design.fr\/flush\/livraison-et-renvois\/","title":{"rendered":"Livraison et Renvois"},"content":{"rendered":"\t\t<div data-elementor-type=\"wp-page\" data-elementor-id=\"230\" class=\"elementor elementor-230\">\n\t\t\t\t\t\t\t\t\t<section class=\"elementor-section elementor-top-section elementor-element elementor-element-13b1f30 elementor-section-boxed elementor-section-height-default elementor-section-height-default\" data-id=\"13b1f30\" data-element_type=\"section\">\n\t\t\t\t\t\t<div class=\"elementor-container elementor-column-gap-default\">\n\t\t\t\t\t<div class=\"elementor-column elementor-col-100 elementor-top-column elementor-element elementor-element-1aa227a\" data-id=\"1aa227a\" data-element_type=\"column\">\n\t\t\t<div class=\"elementor-widget-wrap elementor-element-populated\">\n\t\t\t\t\t\t\t\t<div class=\"elementor-element elementor-element-4f95408 elementor-widget elementor-widget-heading\" data-id=\"4f95408\" data-element_type=\"widget\" data-widget_type=\"heading.default\">\n\t\t\t\t<div class=\"elementor-widget-container\">\n\t\t\t<h2 class=\"elementor-heading-title elementor-size-default\">CO\u00dbT DE LA LIVRAISON<\/h2>\t\t<\/div>\n\t\t\t\t<\/div>\n\t\t\t\t<div class=\"elementor-element elementor-element-46282e2 elementor-widget elementor-widget-text-editor\" data-id=\"46282e2\" data-element_type=\"widget\" data-widget_type=\"text-editor.default\">\n\t\t\t\t<div class=\"elementor-widget-container\">\n\t\t\t\t\t\t\t<h5>LIVRAISON GRATUITE DANS LA FRANCE ENTIERE* POUR TOUTES LES COMMANDES DE PLUS DE 50 EUR.<\/h5>\t\t\t\t\t\t<\/div>\n\t\t\t\t<\/div>\n\t\t\t\t<div class=\"elementor-element elementor-element-b7c988e elementor-widget elementor-widget-text-editor\" data-id=\"b7c988e\" data-element_type=\"widget\" data-widget_type=\"text-editor.default\">\n\t\t\t\t<div class=\"elementor-widget-container\">\n\t\t\t\t\t\t\t<p>Pour les commandes inf\u00e9rieures \u00e0 50 EUR, les frais de port sont de 5.90 EUR.<br \/>Pour les envois d&#8217;\u00e9chantillons gratuits, le tarif est de 3.50 EUR.<\/p>\t\t\t\t\t\t<\/div>\n\t\t\t\t<\/div>\n\t\t\t\t<div class=\"elementor-element elementor-element-20750d1 elementor-widget elementor-widget-heading\" data-id=\"20750d1\" data-element_type=\"widget\" data-widget_type=\"heading.default\">\n\t\t\t\t<div class=\"elementor-widget-container\">\n\t\t\t<h2 class=\"elementor-heading-title elementor-size-default\">D\u00c9LAI DE LIVRAISON<\/h2>\t\t<\/div>\n\t\t\t\t<\/div>\n\t\t\t\t<div class=\"elementor-element elementor-element-2073fd6 elementor-widget elementor-widget-text-editor\" data-id=\"2073fd6\" data-element_type=\"widget\" data-widget_type=\"text-editor.default\">\n\t\t\t\t<div class=\"elementor-widget-container\">\n\t\t\t\t\t\t\t<p>Le d\u00e9lai de livraison est de 1-3 jours ouvrables.<\/p><p>La livraison des \u00e9chantillons gratuits prend 1-4 semaines.<\/p><p>Nous exp\u00e9dions normalement toutes les commandes dans un d\u00e9lai d&#8217;un jour ouvrable.<br \/>Pendant les p\u00e9riodes tr\u00e8s charg\u00e9es comme les soldes, nous pouvons prendre jusqu&#8217;\u00e0 1-8 jours pour certaines commandes en raison des volumes \u00e9lev\u00e9s.<\/p>\t\t\t\t\t\t<\/div>\n\t\t\t\t<\/div>\n\t\t\t\t<div class=\"elementor-element elementor-element-bdb3157 elementor-widget elementor-widget-heading\" data-id=\"bdb3157\" data-element_type=\"widget\" data-widget_type=\"heading.default\">\n\t\t\t\t<div class=\"elementor-widget-container\">\n\t\t\t<h2 class=\"elementor-heading-title elementor-size-default\">RENVOIS<\/h2>\t\t<\/div>\n\t\t\t\t<\/div>\n\t\t\t\t<div class=\"elementor-element elementor-element-fa84a4c elementor-widget elementor-widget-text-editor\" data-id=\"fa84a4c\" data-element_type=\"widget\" data-widget_type=\"text-editor.default\">\n\t\t\t\t<div class=\"elementor-widget-container\">\n\t\t\t\t\t\t\t<p>Les renvois doivent \u00eatre effectu\u00e9s dans les 14 jours suivant la r\u00e9ception de votre commande. Les frais de renvoi sont \u00e0 la charge du client. Nous vous rembourserons g\u00e9n\u00e9ralement votre commande dans les 3 jours suivant la r\u00e9ception de la marchandise retourn\u00e9e dans notre entrep\u00f4t, mais veuillez pr\u00e9voir jusqu&#8217;\u00e0 30 jours car les transferts entre les syst\u00e8mes de paiement peuvent parfois prendre plus de temps. Si vous retournez un article qui vous donne acc\u00e8s \u00e0 un cadeau bonus, veuillez inclure le cadeau bonus avec votre renvoi. Si vous choisissez de conserver le cadeau bonus, votre compte sera d\u00e9bit\u00e9 de sa valeur.<\/p><p>Veuillez envoyer les articles renvoy\u00e9s, y compris votre confirmation de commande, \u00e0 :<\/p><p>ONLINE RETURNS<br \/>FLUSH COSMETICS.<\/p><p>RUE FICTIVE, 62660, HAUT DE FRANCE.<\/p>\t\t\t\t\t\t<\/div>\n\t\t\t\t<\/div>\n\t\t\t\t<div class=\"elementor-element elementor-element-9a44e5b elementor-widget elementor-widget-heading\" data-id=\"9a44e5b\" data-element_type=\"widget\" data-widget_type=\"heading.default\">\n\t\t\t\t<div class=\"elementor-widget-container\">\n\t\t\t<h2 class=\"elementor-heading-title elementor-size-default\">RENVOI DE PRODUITS ENDOMMAG\u00c9S<\/h2>\t\t<\/div>\n\t\t\t\t<\/div>\n\t\t\t\t<div class=\"elementor-element elementor-element-2573548 elementor-widget elementor-widget-text-editor\" data-id=\"2573548\" data-element_type=\"widget\" data-widget_type=\"text-editor.default\">\n\t\t\t\t<div class=\"elementor-widget-container\">\n\t\t\t\t\t\t\t<p>Si vous avez re\u00e7u des produits endommag\u00e9s, veuillez nous contacter par e-mail: support@flushcosmetics.com<\/p>\t\t\t\t\t\t<\/div>\n\t\t\t\t<\/div>\n\t\t\t\t<div class=\"elementor-element elementor-element-ca963ee elementor-widget elementor-widget-heading\" data-id=\"ca963ee\" data-element_type=\"widget\" data-widget_type=\"heading.default\">\n\t\t\t\t<div class=\"elementor-widget-container\">\n\t\t\t<h2 class=\"elementor-heading-title elementor-size-default\">D'AUTRES QUESTIONS ?<\/h2>\t\t<\/div>\n\t\t\t\t<\/div>\n\t\t\t\t<div class=\"elementor-element elementor-element-2864078 elementor-widget elementor-widget-text-editor\" data-id=\"2864078\" data-element_type=\"widget\" data-widget_type=\"text-editor.default\">\n\t\t\t\t<div class=\"elementor-widget-container\">\n\t\t\t\t\t\t\t<p>Si vous avez des questions concernant la livraison ou les renvois, veuillez consulter la <a href=\"https:\/\/www.madaracosmetics.com\/fr\/faq\">section Aide<\/a>. Si vous ne trouvez pas la r\u00e9ponse \u00e0 votre question, veuillez contacter notre <a href=\"https:\/\/www.madaracosmetics.com\/fr\/contactez-nous\">service client<\/a>.<\/p>\t\t\t\t\t\t<\/div>\n\t\t\t\t<\/div>\n\t\t\t\t\t<\/div>\n\t\t<\/div>\n\t\t\t\t\t\t\t<\/div>\n\t\t<\/section>\n\t\t\t\t\t\t\t<\/div>\n\t\t","protected":false},"excerpt":{"rendered":"<p>CO\u00dbT DE LA LIVRAISON LIVRAISON GRATUITE DANS LA FRANCE ENTIERE* POUR TOUTES LES COMMANDES DE PLUS DE 50 EUR. Pour les commandes inf\u00e9rieures \u00e0 50 EUR, les frais de port sont de 5.90 EUR.Pour les envois d&#8217;\u00e9chantillons gratuits, le tarif est de 3.50 EUR. D\u00c9LAI DE LIVRAISON Le d\u00e9lai de [&hellip;]<\/p>\n","protected":false},"author":1,"featured_media":0,"parent":0,"menu_order":0,"comment_status":"closed","ping_status":"closed","template":"","meta":{"inline_featured_image":false},"yoast_head":"<!-- This site is optimized with the Yoast SEO plugin v20.4 - https:\/\/yoast.com\/wordpress\/plugins\/seo\/ -->\n<title>Livraison et Renvois - Flush<\/title>\n<meta name=\"robots\" content=\"index, follow, max-snippet:-1, max-image-preview:large, max-video-preview:-1\" \/>\n<link rel=\"canonical\" href=\"https:\/\/www.jemma-design.fr\/flush\/livraison-et-renvois\/\" \/>\n<meta property=\"og:locale\" content=\"fr_FR\" \/>\n<meta property=\"og:type\" content=\"article\" \/>\n<meta property=\"og:title\" content=\"Livraison et Renvois - Flush\" \/>\n<meta property=\"og:description\" content=\"CO\u00dbT DE LA LIVRAISON LIVRAISON GRATUITE DANS LA FRANCE ENTIERE* POUR TOUTES LES COMMANDES DE PLUS DE 50 EUR. Pour les commandes inf\u00e9rieures \u00e0 50 EUR, les frais de port sont de 5.90 EUR.Pour les envois d&#8217;\u00e9chantillons gratuits, le tarif est de 3.50 EUR. D\u00c9LAI DE LIVRAISON Le d\u00e9lai de [&hellip;]\" \/>\n<meta property=\"og:url\" content=\"https:\/\/www.jemma-design.fr\/flush\/livraison-et-renvois\/\" \/>\n<meta property=\"og:site_name\" content=\"Flush\" \/>\n<meta property=\"article:modified_time\" content=\"2021-04-22T13:09:56+00:00\" \/>\n<meta name=\"twitter:card\" content=\"summary_large_image\" \/>\n<meta name=\"twitter:label1\" content=\"Dur\u00e9e de lecture estim\u00e9e\" \/>\n\t<meta name=\"twitter:data1\" content=\"1 minute\" \/>\n<script type=\"application\/ld+json\" class=\"yoast-schema-graph\">{\"@context\":\"https:\/\/schema.org\",\"@graph\":[{\"@type\":\"WebPage\",\"@id\":\"https:\/\/www.jemma-design.fr\/flush\/livraison-et-renvois\/\",\"url\":\"https:\/\/www.jemma-design.fr\/flush\/livraison-et-renvois\/\",\"name\":\"Livraison et Renvois - Flush\",\"isPartOf\":{\"@id\":\"https:\/\/www.jemma-design.fr\/flush\/#website\"},\"datePublished\":\"2021-04-22T12:50:38+00:00\",\"dateModified\":\"2021-04-22T13:09:56+00:00\",\"breadcrumb\":{\"@id\":\"https:\/\/www.jemma-design.fr\/flush\/livraison-et-renvois\/#breadcrumb\"},\"inLanguage\":\"fr-FR\",\"potentialAction\":[{\"@type\":\"ReadAction\",\"target\":[\"https:\/\/www.jemma-design.fr\/flush\/livraison-et-renvois\/\"]}]},{\"@type\":\"BreadcrumbList\",\"@id\":\"https:\/\/www.jemma-design.fr\/flush\/livraison-et-renvois\/#breadcrumb\",\"itemListElement\":[{\"@type\":\"ListItem\",\"position\":1,\"name\":\"Accueil\",\"item\":\"https:\/\/www.jemma-design.fr\/flush\/\"},{\"@type\":\"ListItem\",\"position\":2,\"name\":\"Livraison et Renvois\"}]},{\"@type\":\"WebSite\",\"@id\":\"https:\/\/www.jemma-design.fr\/flush\/#website\",\"url\":\"https:\/\/www.jemma-design.fr\/flush\/\",\"name\":\"Flush\",\"description\":\"Un site utilisant WordPress\",\"publisher\":{\"@id\":\"https:\/\/www.jemma-design.fr\/flush\/#organization\"},\"potentialAction\":[{\"@type\":\"SearchAction\",\"target\":{\"@type\":\"EntryPoint\",\"urlTemplate\":\"https:\/\/www.jemma-design.fr\/flush\/?s={search_term_string}\"},\"query-input\":\"required name=search_term_string\"}],\"inLanguage\":\"fr-FR\"},{\"@type\":\"Organization\",\"@id\":\"https:\/\/www.jemma-design.fr\/flush\/#organization\",\"name\":\"Flush\",\"url\":\"https:\/\/www.jemma-design.fr\/flush\/\",\"logo\":{\"@type\":\"ImageObject\",\"inLanguage\":\"fr-FR\",\"@id\":\"https:\/\/www.jemma-design.fr\/flush\/#\/schema\/logo\/image\/\",\"url\":\"https:\/\/www.jemma-design.fr\/flush\/wp-content\/uploads\/2021\/04\/flush-courrone.svg\",\"contentUrl\":\"https:\/\/www.jemma-design.fr\/flush\/wp-content\/uploads\/2021\/04\/flush-courrone.svg\",\"caption\":\"Flush\"},\"image\":{\"@id\":\"https:\/\/www.jemma-design.fr\/flush\/#\/schema\/logo\/image\/\"}}]}<\/script>\n<!-- \/ Yoast SEO plugin. -->","yoast_head_json":{"title":"Livraison et Renvois - Flush","robots":{"index":"index","follow":"follow","max-snippet":"max-snippet:-1","max-image-preview":"max-image-preview:large","max-video-preview":"max-video-preview:-1"},"canonical":"https:\/\/www.jemma-design.fr\/flush\/livraison-et-renvois\/","og_locale":"fr_FR","og_type":"article","og_title":"Livraison et Renvois - Flush","og_description":"CO\u00dbT DE LA LIVRAISON LIVRAISON GRATUITE DANS LA FRANCE ENTIERE* POUR TOUTES LES COMMANDES DE PLUS DE 50 EUR. Pour les commandes inf\u00e9rieures \u00e0 50 EUR, les frais de port sont de 5.90 EUR.Pour les envois d&#8217;\u00e9chantillons gratuits, le tarif est de 3.50 EUR. D\u00c9LAI DE LIVRAISON Le d\u00e9lai de [&hellip;]","og_url":"https:\/\/www.jemma-design.fr\/flush\/livraison-et-renvois\/","og_site_name":"Flush","article_modified_time":"2021-04-22T13:09:56+00:00","twitter_card":"summary_large_image","twitter_misc":{"Dur\u00e9e de lecture estim\u00e9e":"1 minute"},"schema":{"@context":"https:\/\/schema.org","@graph":[{"@type":"WebPage","@id":"https:\/\/www.jemma-design.fr\/flush\/livraison-et-renvois\/","url":"https:\/\/www.jemma-design.fr\/flush\/livraison-et-renvois\/","name":"Livraison et Renvois - Flush","isPartOf":{"@id":"https:\/\/www.jemma-design.fr\/flush\/#website"},"datePublished":"2021-04-22T12:50:38+00:00","dateModified":"2021-04-22T13:09:56+00:00","breadcrumb":{"@id":"https:\/\/www.jemma-design.fr\/flush\/livraison-et-renvois\/#breadcrumb"},"inLanguage":"fr-FR","potentialAction":[{"@type":"ReadAction","target":["https:\/\/www.jemma-design.fr\/flush\/livraison-et-renvois\/"]}]},{"@type":"BreadcrumbList","@id":"https:\/\/www.jemma-design.fr\/flush\/livraison-et-renvois\/#breadcrumb","itemListElement":[{"@type":"ListItem","position":1,"name":"Accueil","item":"https:\/\/www.jemma-design.fr\/flush\/"},{"@type":"ListItem","position":2,"name":"Livraison et Renvois"}]},{"@type":"WebSite","@id":"https:\/\/www.jemma-design.fr\/flush\/#website","url":"https:\/\/www.jemma-design.fr\/flush\/","name":"Flush","description":"Un site utilisant WordPress","publisher":{"@id":"https:\/\/www.jemma-design.fr\/flush\/#organization"},"potentialAction":[{"@type":"SearchAction","target":{"@type":"EntryPoint","urlTemplate":"https:\/\/www.jemma-design.fr\/flush\/?s={search_term_string}"},"query-input":"required name=search_term_string"}],"inLanguage":"fr-FR"},{"@type":"Organization","@id":"https:\/\/www.jemma-design.fr\/flush\/#organization","name":"Flush","url":"https:\/\/www.jemma-design.fr\/flush\/","logo":{"@type":"ImageObject","inLanguage":"fr-FR","@id":"https:\/\/www.jemma-design.fr\/flush\/#\/schema\/logo\/image\/","url":"https:\/\/www.jemma-design.fr\/flush\/wp-content\/uploads\/2021\/04\/flush-courrone.svg","contentUrl":"https:\/\/www.jemma-design.fr\/flush\/wp-content\/uploads\/2021\/04\/flush-courrone.svg","caption":"Flush"},"image":{"@id":"https:\/\/www.jemma-design.fr\/flush\/#\/schema\/logo\/image\/"}}]}},"_links":{"self":[{"href":"https:\/\/www.jemma-design.fr\/flush\/wp-json\/wp\/v2\/pages\/230"}],"collection":[{"href":"https:\/\/www.jemma-design.fr\/flush\/wp-json\/wp\/v2\/pages"}],"about":[{"href":"https:\/\/www.jemma-design.fr\/flush\/wp-json\/wp\/v2\/types\/page"}],"author":[{"embeddable":true,"href":"https:\/\/www.jemma-design.fr\/flush\/wp-json\/wp\/v2\/users\/1"}],"replies":[{"embeddable":true,"href":"https:\/\/www.jemma-design.fr\/flush\/wp-json\/wp\/v2\/comments?post=230"}],"version-history":[{"count":4,"href":"https:\/\/www.jemma-design.fr\/flush\/wp-json\/wp\/v2\/pages\/230\/revisions"}],"predecessor-version":[{"id":235,"href":"https:\/\/www.jemma-design.fr\/flush\/wp-json\/wp\/v2\/pages\/230\/revisions\/235"}],"wp:attachment":[{"href":"https:\/\/www.jemma-design.fr\/flush\/wp-json\/wp\/v2\/media?parent=230"}],"curies":[{"name":"wp","href":"https:\/\/api.w.org\/{rel}","templated":true}]}}